{"id":199,"date":"2018-07-16T10:51:50","date_gmt":"2018-07-16T10:51:50","guid":{"rendered":"http:\/\/primariabalotesti.ro\/?page_id=199"},"modified":"2018-07-27T07:41:50","modified_gmt":"2018-07-27T07:41:50","slug":"asistenta-sociala","status":"publish","type":"page","link":"https:\/\/primariabalotesti.ro\/index.php\/asistenta-sociala\/","title":{"rendered":"Asisten\u021b\u0103 social\u0103"},"content":{"rendered":"<p><span style=\"font-family: 'times new roman', times, serif;\"><strong><u>Compartiment Asisten\u0163\u0103 Social\u0103<br \/>\n<\/u><\/strong>\u00a0 \u00a0 \u00a0 Compartimentul de Asisten\u0163\u0103 Social\u0103 este organizat \u015fi func\u0163ioneaz\u0103 \u00een cadrul Aparatului de specialitate al primarului comunei Balote\u015fti, \u00een<br \/>\nconformitate cu legisla\u0163ia rom\u00e2n\u0103 \u00een vigoare.<br \/>\nMisiunea compartimentului de asisten\u0163\u0103 social\u0103 este de a asigura activitatea de preven\u0163ie \u015fi interven\u0163ie primar\u0103 pentru persoanele singure \u015fi familiile aflate \u00een dificultate.<br \/>\nScopul este \u00eembun\u0103t\u0103\u0163irea calit\u0103\u0163ii vie\u0163ii acelor beneficiari care nu au posibilitatea de a realiza prin mijloace \u015fi eforturi proprii un mod normal \u015fi decent de via\u0163\u0103.<br \/>\nAsisten\u0163a social\u0103 la nivelul compartimentului se realizeaz\u0103 prin acordarea de presta\u0163ii sociale \u015fi furnizarea de servicii sociale primare.<\/span><\/p>\n<p><span style=\"font-family: 'times new roman', times, serif;\"><strong><u>Principalele obiective:<\/u><\/strong><strong>\u00a0<\/strong><\/span><\/p>\n<ul>\n<li><span style=\"font-family: 'times new roman', times, serif;\">Asigurarea de servicii sociale de calitate, flexibile, respect\u00e2nd standardele generale \u00een domeniu.<\/span><\/li>\n<li><span style=\"font-family: 'times new roman', times, serif;\">Informarea continu\u0103 a beneficiarilor referitor la serviciile \u015fi presta\u0163iile sociale acordate.<\/span><\/li>\n<li><span style=\"font-family: 'times new roman', times, serif;\">Colabor\u0103ri cu institu\u0163ii publice \u015fi ONG-uri \u00een domeniu.<\/span><\/li>\n<li><span style=\"font-family: 'times new roman', times, serif;\">Implementarea unor masuri de prevenire a marginaliz\u0103rii sociale, a situa\u0163iilor de risc \u015fi a dependen\u0163ei de sistemul de protec\u0163ie social\u0103.<\/span><\/li>\n<\/ul>\n<p><span style=\"font-family: 'times new roman', times, serif;\"><strong><u>Domeniile de activitate:<\/u><\/strong><strong>\u00a0<\/strong><\/span><\/p>\n<ul>\n<li><span style=\"font-family: 'times new roman', times, serif;\">Protec\u0163ia copilului \u015fi familiei;<\/span><\/li>\n<li><span style=\"font-family: 'times new roman', times, serif;\">Protec\u0163ia persoanelor v\u00e2rstnice;<\/span><\/li>\n<li><span style=\"font-family: 'times new roman', times, serif;\">Protec\u0163ia persoanelor cu handicap;<\/span><\/li>\n<li><span style=\"font-family: 'times new roman', times, serif;\">Protec\u0163ia persoanelor \u015fi familiilor cu venituri mici;<\/span><\/li>\n<li><span style=\"font-family: 'times new roman', times, serif;\">Acordarea de ajutoare pentru \u00eenc\u0103lzirea locuin\u0163ei pentru sezonul rece 1 noiembrie 2018 \u2013 31 martie\u201d &#8211; <a href=\"http:\/\/primariabalotesti.ro\/wp-content\/uploads\/2018\/07\/asist_sociala\/informatii anul 2018 2019.pdf\">Condi\u021bile de acordare<\/a>.<\/span><\/li>\n<li><span style=\"font-family: 'times new roman', times, serif;\"><a href=\"http:\/\/primariabalotesti.ro\/wp-content\/uploads\/2018\/07\/asist_sociala\/Modul de stabilire si acordare a ajutorului pentru incalzirea locuintei.pdf\">Modul de stabilire \u015fi acordare<\/a> a ajutorului pentru \u00eenc\u0103lzirea locuin\u0163ei cu energie electric\u0103, gaze naturale, combustibili solizi sau petrolieri<br \/>\n<\/span><\/li>\n<li><a href=\"http:\/\/primariabalotesti.ro\/wp-content\/uploads\/2018\/07\/asist_sociala\/Ajutor Social.pdf\"><span style=\"font-family: 'times new roman', times, serif;\">Condi\u021biile de acordare <\/span><\/a><span style=\"font-family: 'times new roman', times, serif;\">a ajutorului social<\/span><\/li>\n<\/ul>\n","protected":false},"excerpt":{"rendered":"<p>Compartiment Asisten\u0163\u0103 Social\u0103 \u00a0 \u00a0 \u00a0 Compartimentul de Asisten\u0163\u0103 Social\u0103 este organizat \u015fi func\u0163ioneaz\u0103 \u00een cadrul Aparatului de specialitate al primarului comunei Balote\u015fti, \u00een conformitate cu legisla\u0163ia rom\u00e2n\u0103 \u00een vigoare. [&hellip;]<\/p>\n","protected":false},"author":1,"featured_media":0,"parent":0,"menu_order":0,"comment_status":"closed","ping_status":"closed","template":"","meta":{"footnotes":""},"class_list":["post-199","page","type-page","status-publish","hentry"],"_links":{"self":[{"href":"https:\/\/primariabalotesti.ro\/index.php\/wp-json\/wp\/v2\/pages\/199"}],"collection":[{"href":"https:\/\/primariabalotesti.ro\/index.php\/wp-json\/wp\/v2\/pages"}],"about":[{"href":"https:\/\/primariabalotesti.ro\/index.php\/wp-json\/wp\/v2\/types\/page"}],"author":[{"embeddable":true,"href":"https:\/\/primariabalotesti.ro\/index.php\/wp-json\/wp\/v2\/users\/1"}],"replies":[{"embeddable":true,"href":"https:\/\/primariabalotesti.ro\/index.php\/wp-json\/wp\/v2\/comments?post=199"}],"version-history":[{"count":8,"href":"https:\/\/primariabalotesti.ro\/index.php\/wp-json\/wp\/v2\/pages\/199\/revisions"}],"predecessor-version":[{"id":582,"href":"https:\/\/primariabalotesti.ro\/index.php\/wp-json\/wp\/v2\/pages\/199\/revisions\/582"}],"wp:attachment":[{"href":"https:\/\/primariabalotesti.ro\/index.php\/wp-json\/wp\/v2\/media?parent=199"}],"curies":[{"name":"wp","href":"https:\/\/api.w.org\/{rel}","templated":true}]}}