{"id":2095,"date":"2022-11-01T08:50:06","date_gmt":"2022-11-01T08:50:06","guid":{"rendered":"https:\/\/primariabalotesti.ro\/?page_id=2095"},"modified":"2025-12-29T18:37:04","modified_gmt":"2025-12-29T18:37:04","slug":"home13-2","status":"publish","type":"page","link":"https:\/\/primariabalotesti.ro\/","title":{"rendered":"Home13"},"content":{"rendered":"<p>[vc_row][vc_column][vc_column_text]<\/p>\n<div align=\"center\"><span style=\"font-size: 14pt; font-family: times new roman, times, serif;\"><em><strong>Anunt!<\/strong><\/em><\/span><\/div>\n<p><span style=\"font-family: times new roman, times, serif; font-size: 14pt;\">Prim\u0103ria Comunei Balote\u015fti v\u0103 informeaz\u0103 c\u0103 \u00een perioada 31.12.2025 &#8211; 08.01.2026, programul de lucru cu publicul se suspend\u0103, la Biroul Impozite \u015fi Taxe Locale, pentru implementarea noilor m\u0103suri fiscale \u015fi mentenan\u0163a programului informatic.<\/span><br \/>\n<span style=\"font-family: times new roman, times, serif; font-size: 14pt;\">In perioada 31.12.2025 -08.01.2026 nu se pot efectua:<\/span><br \/>\n<span style=\"font-family: times new roman, times, serif; font-size: 14pt;\">\u2022 pl\u0103\u0163i (impozite \u015fi taxe locale);<\/span><br \/>\n<span style=\"font-family: times new roman, times, serif; font-size: 14pt;\">\u2022 impuneri\/radieri cl\u0103diri, terenuri, mijloace de transport.<\/span>[\/vc_column_text][vc_single_image image=&#8221;2907&#8243; img_size=&#8221;1902&#215;320&#8243; alignment=&#8221;center&#8221; onclick=&#8221;custom_link&#8221; link=&#8221;https:\/\/primariabalotesti.ro\/wp-content\/uploads\/2025\/05\/Informare%20Balotesti%2005052025%20-%20spalare%20conducte.pdf&#8221;][vc_column_text]<\/p>\n<h1 class=\"entry-headline\"><span style=\"font-size: 18pt;\">Sprijin pentru persoanele defavorizate in vederea asigurarii alimentelor de baza\/mese calde<\/span><\/h1>\n<p>[\/vc_column_text][vc_single_image image=&#8221;3011&#8243; img_size=&#8221;350&#215;300&#8243; alignment=&#8221;center&#8221; onclick=&#8221;custom_link&#8221; link=&#8221;https:\/\/primariabalotesti.ro\/index.php\/sprijin&#8221;][vc_column_text]<\/p>\n<h1 class=\"entry-headline\"><span style=\"font-size: 18pt;\">Sprijin pentru cuplurile mam\u0103 \u2013 nou-n\u0103scut defavorizate<\/span><\/h1>\n<p>[\/vc_column_text][vc_single_image image=&#8221;2990&#8243; img_size=&#8221;350&#215;300&#8243; alignment=&#8221;center&#8221; onclick=&#8221;custom_link&#8221; img_link_target=&#8221;_blank&#8221; link=&#8221;https:\/\/primariabalotesti.ro\/wp-content\/uploads\/2025\/10\/sprijin-mame.pdf&#8221;][vc_column_text]<span style=\"font-family: times new roman, times, serif;\"><strong>Informare pentru locuitorii comunei Balote\u0219ti<\/strong> &#8211; Ac\u021biune de sp\u0103lare a conductelor cu ap\u0103 potabil\u0103 (<a title=\"\" href=\"https:\/\/primariabalotesti.ro\/wp-content\/uploads\/2025\/05\/Informare Balotesti 05052025 - spalare conducte.pdf\" target=\"_blank\" rel=\"noopener\">citeste&#8230;<\/a>)<\/span>[\/vc_column_text][vc_single_image image=&#8221;2803&#8243; img_size=&#8221;350&#215;300&#8243; alignment=&#8221;center&#8221; onclick=&#8221;custom_link&#8221; link=&#8221;https:\/\/primariabalotesti.ro\/index.php\/panouri\/&#8221;][vc_row_inner][vc_column_inner][vc_column_text]SOS Ambrozia! Campanie de informare privind identificarea, combaterea si distrugerea buruienii AMBROZIA mai-octombrie 2025(<a href=\"http:\/\/primariabalotesti.ro\/index.php\/anunturi\/\">citeste&#8230;<\/a>)[\/vc_column_text][\/vc_column_inner][\/vc_row_inner][vc_row_inner][vc_column_inner][vc_column_text]<\/p>\n<div class=\"html-div xe8uvvx xdj266r xat24cr x1mh8g0r xexx8yu x4uap5 x18d9i69 xkhd6sd x78zum5 xqtp20y x1emribx\"><\/div>\n<div class=\"x78zum5 xdt5ytf xz62fqu x16ldp7u\">\n<div class=\"xu06os2 x1ok221b\">\n<h2 id=\":Rlal5bb9l5qq9papd5aq:\" class=\"html-h2 xe8uvvx x11i5rnm xat24cr x1mh8g0r xexx8yu x4uap5 x18d9i69 xkhd6sd x1vvkbs x1heor9g x1qlqyl8 x1pd3egz x1a2a7pz x1gslohp x1yc453h\"><span class=\"xt0psk2\"><a class=\"x1i10hfl xjbqb8w x1ejq31n xd10rxx x1sy0etr x17r0tee x972fbf xcfux6l x1qhh985 xm0m39n x9f619 x1ypdohk xt0psk2 xe8uvvx xdj266r x11i5rnm xat24cr x1mh8g0r xexx8yu x4uap5 x18d9i69 xkhd6sd x16tdsg8 x1hl2dhg xggy1nq x1a2a7pz x1sur9pj xkrqix3 xzsf02u x1s688f\" tabindex=\"0\" role=\"link\" href=\"https:\/\/www.facebook.com\/profile.php?id=100064552698369&amp;__cft__[0]=AZXIVCXHKtdZecY-qo4guneZ_Uk1dgqjdbc11oDZ0L5oF0du5TJS1H4EGFs6Cxk0fjwL7iNpaUIEMf6q3sedr6iOtlRwDGSUyBoGJ_YExQJVbXnSeygWNcNr6GREfPAqUnzthzlRQ3PDO5PjdNWumu1NTC4aOr7kSsWhJEtepl86GxlKCC5Za0Q_UbBOQM3bA6E&amp;__tn__=-UC%2CP-R\"><strong class=\"html-strong xdj266r x11i5rnm xat24cr x1mh8g0r xexx8yu x4uap5 x18d9i69 xkhd6sd x1hl2dhg x16tdsg8 x1vvkbs x1s688f\"><span class=\"html-span xdj266r x11i5rnm xat24cr x1mh8g0r xexx8yu x4uap5 x18d9i69 xkhd6sd x1hl2dhg x16tdsg8 x1vvkbs\"><img decoding=\"async\" class=\"size-full wp-image-2670 aligncenter\" src=\"https:\/\/primariabalotesti.ro\/wp-content\/uploads\/2024\/07\/prefectura.jpg\" alt=\"\" width=\"80\" height=\"80\" \/><\/span><\/strong><\/a><strong class=\"html-strong xdj266r x11i5rnm xat24cr x1mh8g0r xexx8yu x4uap5 x18d9i69 xkhd6sd x1hl2dhg x16tdsg8 x1vvkbs x1s688f\"><span class=\"html-span xdj266r x11i5rnm xat24cr x1mh8g0r xexx8yu x4uap5 x18d9i69 xkhd6sd x1hl2dhg x16tdsg8 x1vvkbs\">PRIMARIA COMUNEI BALOTESTI<\/span><\/strong><\/span><\/h2>\n<p>Delimitarea \u0219i numerotarea sec\u021biilor de votare din Comuna Balote\u0219ti &#8211; Alegeri pentru Pre\u0219edintele Rom\u00e2niei 2025 &#8211; tur 1<\/p>\n<div class=\"xdj266r x11i5rnm xat24cr x1mh8g0r x1vvkbs x126k92a\">\n<div dir=\"auto\" style=\"text-align: center;\"><span class=\"html-span xexx8yu x4uap5 x18d9i69 xkhd6sd x1hl2dhg x16tdsg8 x1vvkbs x3nfvp2 x1j61x8r x1fcty0u xdj266r xat24cr xgzva0m xhhsvwb xxymvpz xlup9mm x1kky2od\"><img decoding=\"async\" class=\"xz74otr\" src=\"https:\/\/static.xx.fbcdn.net\/images\/emoji.php\/v9\/te4\/2\/16\/1f6a8.png\" alt=\"\ud83d\udea8\" width=\"16\" height=\"16\" \/><\/span><a title=\"\" href=\"https:\/\/primariabalotesti.ro\/wp-content\/uploads\/2025\/04\/ANUNT DELIMITARE SECTII.pdf\" target=\"_blank\" rel=\"noopener\">Anun\u021b<\/a><span class=\"html-span xexx8yu x4uap5 x18d9i69 xkhd6sd x1hl2dhg x16tdsg8 x1vvkbs x3nfvp2 x1j61x8r x1fcty0u xdj266r xat24cr xgzva0m xhhsvwb xxymvpz xlup9mm x1kky2od\"><img decoding=\"async\" class=\"xz74otr\" src=\"https:\/\/static.xx.fbcdn.net\/images\/emoji.php\/v9\/te4\/2\/16\/1f6a8.png\" alt=\"\ud83d\udea8\" width=\"16\" height=\"16\" \/><\/span><\/div>\n<\/div>\n<\/div>\n<\/div>\n<p>[\/vc_column_text][vc_column_text]<\/p>\n<div class=\"html-div xe8uvvx xdj266r xat24cr x1mh8g0r xexx8yu x4uap5 x18d9i69 xkhd6sd x78zum5 xqtp20y x1emribx\"><\/div>\n<div class=\"x78zum5 xdt5ytf xz62fqu x16ldp7u\">\n<div class=\"xu06os2 x1ok221b\">\n<h2 id=\":Rlal5bb9l5qq9papd5aq:\" class=\"html-h2 xe8uvvx x11i5rnm xat24cr x1mh8g0r xexx8yu x4uap5 x18d9i69 xkhd6sd x1vvkbs x1heor9g x1qlqyl8 x1pd3egz x1a2a7pz x1gslohp x1yc453h\"><span class=\"xt0psk2\"><a class=\"x1i10hfl xjbqb8w x1ejq31n xd10rxx x1sy0etr x17r0tee x972fbf xcfux6l x1qhh985 xm0m39n x9f619 x1ypdohk xt0psk2 xe8uvvx xdj266r x11i5rnm xat24cr x1mh8g0r xexx8yu x4uap5 x18d9i69 xkhd6sd x16tdsg8 x1hl2dhg xggy1nq x1a2a7pz x1sur9pj xkrqix3 xzsf02u x1s688f\" tabindex=\"0\" role=\"link\" href=\"https:\/\/www.facebook.com\/profile.php?id=100064552698369&amp;__cft__[0]=AZXIVCXHKtdZecY-qo4guneZ_Uk1dgqjdbc11oDZ0L5oF0du5TJS1H4EGFs6Cxk0fjwL7iNpaUIEMf6q3sedr6iOtlRwDGSUyBoGJ_YExQJVbXnSeygWNcNr6GREfPAqUnzthzlRQ3PDO5PjdNWumu1NTC4aOr7kSsWhJEtepl86GxlKCC5Za0Q_UbBOQM3bA6E&amp;__tn__=-UC%2CP-R\"><strong class=\"html-strong xdj266r x11i5rnm xat24cr x1mh8g0r xexx8yu x4uap5 x18d9i69 xkhd6sd x1hl2dhg x16tdsg8 x1vvkbs x1s688f\"><span class=\"html-span xdj266r x11i5rnm xat24cr x1mh8g0r xexx8yu x4uap5 x18d9i69 xkhd6sd x1hl2dhg x16tdsg8 x1vvkbs\"><img decoding=\"async\" class=\"size-full wp-image-2670 aligncenter\" src=\"https:\/\/primariabalotesti.ro\/wp-content\/uploads\/2024\/07\/prefectura.jpg\" alt=\"\" width=\"80\" height=\"80\" \/><\/span><\/strong><\/a><strong class=\"html-strong xdj266r x11i5rnm xat24cr x1mh8g0r xexx8yu x4uap5 x18d9i69 xkhd6sd x1hl2dhg x16tdsg8 x1vvkbs x1s688f\"><span class=\"html-span xdj266r x11i5rnm xat24cr x1mh8g0r xexx8yu x4uap5 x18d9i69 xkhd6sd x1hl2dhg x16tdsg8 x1vvkbs\">Institu\u0163ia Prefectului &#8211; Jude\u0163ul Ilfov<\/span><\/strong><\/span><\/h2>\n<p><a title=\"\" href=\"https:\/\/primariabalotesti.ro\/wp-content\/uploads\/2024\/10\/Ordin-prefectura.pdf\" target=\"_blank\" rel=\"noopener\">Ordin privind stabilirea spatiului corespunzator, a membrilor birourilor electorale ale sectiilor de votare in Circumscriptia nr.25 Ilfov<\/a><\/p>\n<div class=\"xdj266r x11i5rnm xat24cr x1mh8g0r x1vvkbs x126k92a\">\n<div dir=\"auto\" style=\"text-align: center;\"><span class=\"html-span xexx8yu x4uap5 x18d9i69 xkhd6sd x1hl2dhg x16tdsg8 x1vvkbs x3nfvp2 x1j61x8r x1fcty0u xdj266r xat24cr xgzva0m xhhsvwb xxymvpz xlup9mm x1kky2od\"><img decoding=\"async\" class=\"xz74otr\" src=\"https:\/\/static.xx.fbcdn.net\/images\/emoji.php\/v9\/te4\/2\/16\/1f6a8.png\" alt=\"\ud83d\udea8\" width=\"16\" height=\"16\" \/><\/span> <a href=\"https:\/\/primariabalotesti.ro\/index.php\/cod-rosu\/\">*\ud835\udc00\ud835\udc2d\ud835\udc1e\ud835\udc27\ud835\udc2d\u0326\ud835\udc22\ud835\udc1e! \ud835\udc02\ud835\udc28\ud835\udc1d \ud835\udc11\ud835\udc28\ud835\udc2c\u0326\ud835\udc2e \ud835\udc1d\ud835\udc1e \ud835\udc02\ud835\udc1a\ud835\udc27\ud835\udc22\ud835\udc1c\ud835\udc2e\ud835\udc25\ud835\udc1a\u0306 \ud835\udc22\u0302\ud835\udc27 \ud835\udc08\ud835\udc25\ud835\udc1f\ud835\udc28\ud835\udc2f* <\/a><span class=\"html-span xexx8yu x4uap5 x18d9i69 xkhd6sd x1hl2dhg x16tdsg8 x1vvkbs x3nfvp2 x1j61x8r x1fcty0u xdj266r xat24cr xgzva0m xhhsvwb xxymvpz xlup9mm x1kky2od\"><img decoding=\"async\" class=\"xz74otr\" src=\"https:\/\/static.xx.fbcdn.net\/images\/emoji.php\/v9\/te4\/2\/16\/1f6a8.png\" alt=\"\ud83d\udea8\" width=\"16\" height=\"16\" \/><\/span><\/div>\n<\/div>\n<\/div>\n<\/div>\n<p>[\/vc_column_text][\/vc_column_inner][\/vc_row_inner][\/vc_column][\/vc_row][vc_row][vc_column width=&#8221;1\/2&#8243;][vc_single_image image=&#8221;1831&#8243; img_size=&#8221;medium&#8221; style=&#8221;vc_box_border&#8221; onclick=&#8221;custom_link&#8221; link=&#8221;https:\/\/primariabalotesti.ro\/index.php\/recesamant\/&#8221;][\/vc_column][vc_column width=&#8221;1\/2&#8243;][vc_column_text]<\/p>\n<table>\n<tbody>\n<tr>\n<td><span style=\"font-family: times new roman, times, serif;\">Din <strong>14 martie 2022 <\/strong>\u00eencepe prima etapa de autorecenzare a Recens\u0103m\u00e2ntului popula\u021biei \u0219i locuin\u021belor, eveniment na\u021bional ce se desf\u0103\u0219oar\u0103 o dat\u0103 la 10 ani.<\/span><\/p>\n<p><span style=\"font-family: times new roman, times, serif;\">V\u0103 rug\u0103m s\u0103 participa\u021bi \u00een perioada <strong>14 martie \u2013 15 mai 2022 <\/strong>la aceast\u0103 etap\u0103, complet\u00e2nd online de pe orice telefon inteligent, tablet\u0103 sau calculator cu acces la internet chestionarul pentru autorecenzare disponibil pe <span style=\"color: #3366ff;\"><strong><u>www.recensamantromania.ro<\/u><\/strong><\/span><u>.<\/u><\/span><\/td>\n<\/tr>\n<\/tbody>\n<\/table>\n<p><span style=\"font-family: times new roman, times, serif; font-size: 10pt;\">\u00a0<\/span>[\/vc_column_text][\/vc_column][\/vc_row][vc_row][vc_column][vc_column_text]<\/p>\n<h3 class=\"section-heading\"><span style=\"font-family: times new roman, times, serif;\"><a href=\"https:\/\/primariabalotesti.ro\/index.php\/resiacceau\/\">Registrul de Eviden\u021b\u0103 a Sistemelor Individuale Adecvate pentru Colectarea \u0219i Epurarea Apelor Uzate<\/a><\/span><\/h3>\n<p>[\/vc_column_text][\/vc_column][\/vc_row][vc_row][vc_column width=&#8221;1\/2&#8243;][vc_single_image image=&#8221;1779&#8243; img_size=&#8221;medium&#8221; style=&#8221;vc_box_border&#8221; onclick=&#8221;link_image&#8221;][\/vc_column][vc_column width=&#8221;1\/2&#8243;][vc_column_text]<span style=\"font-family: times new roman, times, serif; font-size: 10pt;\">Ucraina<br \/>\n<\/span><span style=\"font-family: times new roman, times, serif; font-size: 10pt;\">Informatii solicitanti azil<br \/>\n<\/span><span style=\"font-family: times new roman, times, serif; font-size: 10pt;\">Dreptul la munca<br \/>\n<\/span><span style=\"font-family: times new roman, times, serif; font-size: 10pt;\">Accesul cetatenilor ucrainieni in Romania<br \/>\n<\/span><span style=\"font-family: times new roman, times, serif; font-size: 10pt;\">Pasi de urmat pentru obtinerea azilului in Romania<br \/>\n<\/span><span style=\"font-family: times new roman, times, serif; font-size: 10pt;\">Decontare cheltuieli zi\/persona gazduita<br \/>\n<a href=\"https:\/\/primariabalotesti.ro\/index.php\/informare-solicitanti-de-azil\/\">mai multe &#8230;<\/a><br \/>\n<\/span>[\/vc_column_text][\/vc_column][\/vc_row][vc_row][vc_column width=&#8221;1\/3&#8243;][vc_column_text]<a href=\"https:\/\/primariabalotesti.ro\/wp-content\/uploads\/2022\/11\/ANUNT%20DE%20INTENTIE_ziar_PUZ.pdf\"><span style=\"font-family: times new roman, times, serif; font-size: 10pt;\">Anunt intentie elaborare PLAN URBANISTIC ZONAL<\/span><\/a>[\/vc_column_text][vc_single_image image=&#8221;2096&#8243; add_caption=&#8221;yes&#8221; onclick=&#8221;custom_link&#8221; img_link_target=&#8221;_blank&#8221; link=&#8221;https:\/\/primariabalotesti.ro\/wp-content\/uploads\/2022\/11\/ANUNT DE INTENTIE_ziar_PUZ.pdf&#8221;][\/vc_column][vc_column width=&#8221;1\/3&#8243;][vc_single_image image=&#8221;1232&#8243; img_size=&#8221;full&#8221; add_caption=&#8221;yes&#8221; alignment=&#8221;center&#8221; onclick=&#8221;zoom&#8221; css_animation=&#8221;left-to-right&#8221;][vc_column_text]<span style=\"font-family: times new roman, times, serif; font-size: 10pt;\"><a href=\"http:\/\/primariabalotesti.ro\/index.php\/corona\/\"><strong>Hot\u0103r\u00e2ri, decizii \u0219i inform\u0103ri ale Comitetului Local \u00een leg\u0103tur\u0103 cu <span style=\"color: #ff0000;\">Coronavirusul &#8211; COVID-19<\/span><\/strong><\/a><\/span>[\/vc_column_text][\/vc_column][vc_column width=&#8221;1\/3&#8243;][vc_single_image image=&#8221;757&#8243; img_size=&#8221;medium&#8221; alignment=&#8221;center&#8221;][vc_column_text]<span style=\"font-family: times new roman, times, serif;\">Plata taxelor \u0219i impozitelor la sediile Prim\u0103riei Balote\u0219ti poate fi efectuat\u0103 cu cardul prin terminalele POS<\/span>[\/vc_column_text][\/vc_column][\/vc_row][vc_row][vc_column width=&#8221;1\/3&#8243;][vc_column_text]<strong><span style=\"font-family: times new roman, times, serif;\">Stabilirea sectiilor de votare<br \/>\n<\/span><\/strong><span style=\"font-family: times new roman, times, serif;\">In conformitate cu prevederile art. 20 alin. 5 si art 120 din Legea nr. 208\/2015, cu modificarile si completarile ulterioare coroborate cu prevederile art. 2 alin. 3 din Legea nr. 84\/2020,aducem la cunostinta ca, pentru alegerile locale din anul 2020 , au fost delimitate, numeorate si stabilite sediile sectiilor de votare din localitatea BALOTESTI, judetul ILFOV, dupa cum <a href=\"http:\/\/primariabalotesti.ro\/index.php\/anunturi\/\">urmeaza<\/a><\/span>[\/vc_column_text][\/vc_column][\/vc_row][vc_row][vc_column][\/vc_column][\/vc_row][vc_row][vc_column][\/vc_column][\/vc_row][vc_row][vc_column][\/vc_column][\/vc_row][vc_row][vc_column][\/vc_column][\/vc_row][vc_row][vc_column][\/vc_column][\/vc_row][vc_row][vc_column][\/vc_column][\/vc_row][vc_row][vc_column][\/vc_column][\/vc_row][vc_row][vc_column][\/vc_column][\/vc_row][vc_row][vc_column][\/vc_column][\/vc_row][vc_row][\/vc_row]<\/p>\n","protected":false},"excerpt":{"rendered":"<p>[vc_row][vc_column][vc_column_text] Anunt! Prim\u0103ria Comunei Balote\u015fti v\u0103 informeaz\u0103 c\u0103 \u00een perioada 31.12.2025 &#8211; 08.01.2026, programul de lucru cu publicul se suspend\u0103, la Biroul Impozite \u015fi Taxe Locale, pentru implementarea noilor m\u0103suri [&hellip;]<\/p>\n","protected":false},"author":1,"featured_media":0,"parent":0,"menu_order":0,"comment_status":"closed","ping_status":"closed","template":"","meta":{"footnotes":""},"class_list":["post-2095","page","type-page","status-publish","hentry"],"_links":{"self":[{"href":"https:\/\/primariabalotesti.ro\/index.php\/wp-json\/wp\/v2\/pages\/2095"}],"collection":[{"href":"https:\/\/primariabalotesti.ro\/index.php\/wp-json\/wp\/v2\/pages"}],"about":[{"href":"https:\/\/primariabalotesti.ro\/index.php\/wp-json\/wp\/v2\/types\/page"}],"author":[{"embeddable":true,"href":"https:\/\/primariabalotesti.ro\/index.php\/wp-json\/wp\/v2\/users\/1"}],"replies":[{"embeddable":true,"href":"https:\/\/primariabalotesti.ro\/index.php\/wp-json\/wp\/v2\/comments?post=2095"}],"version-history":[{"count":56,"href":"https:\/\/primariabalotesti.ro\/index.php\/wp-json\/wp\/v2\/pages\/2095\/revisions"}],"predecessor-version":[{"id":3081,"href":"https:\/\/primariabalotesti.ro\/index.php\/wp-json\/wp\/v2\/pages\/2095\/revisions\/3081"}],"wp:attachment":[{"href":"https:\/\/primariabalotesti.ro\/index.php\/wp-json\/wp\/v2\/media?parent=2095"}],"curies":[{"name":"wp","href":"https:\/\/api.w.org\/{rel}","templated":true}]}}