{"id":224,"date":"2018-07-17T06:14:58","date_gmt":"2018-07-17T06:14:58","guid":{"rendered":"http:\/\/primariabalotesti.ro\/?page_id=224"},"modified":"2025-04-03T09:53:49","modified_gmt":"2025-04-03T09:53:49","slug":"consiliu-local","status":"publish","type":"page","link":"https:\/\/primariabalotesti.ro\/index.php\/consiliu-local\/","title":{"rendered":"Consiliu Local"},"content":{"rendered":"<p>[vc_row][vc_column][vc_column_text]<span style=\"font-family: times new roman, times, serif;\"><a href=\"http:\/\/primariabalotesti.ro\/wp-content\/uploads\/2016\/05\/DISPOZITIA116.pdf\">DISPOZITIA NR.116 stabilire loc afisaj electoral<\/a><\/span><\/p>\n<p><span style=\"font-family: times new roman, times, serif;\"><a href=\"http:\/\/primariabalotesti.ro\/wp-content\/uploads\/2018\/07\/circumscriptii_electorale_delimitare_numerotare.pdf\">Circumscriptii electorale, delimitarea si numerotarea sectiilor de votare<\/a><\/span><\/p>\n<p><span style=\"font-family: times new roman, times, serif;\"><a href=\"http:\/\/primariabalotesti.ro\/wp-content\/uploads\/2018\/07\/raport_delimitari_UAT.pdf\">Raport cu delimitarille aferente UAT<\/a><\/span><\/p>\n<p align=\"center\"><span style=\"font-family: times new roman, times, serif;\"><b>Lista Consilierilor Locali conform Ordinului Prefectului privind constatarea indepliniriiconditiilor legale de constituire a Consiliului Local al Comunei Balotesti 508\/21.10.2024<\/b><\/span><\/p>\n<p>&nbsp;<\/p>\n<table style=\"width: 70%;\" border=\"1\">\n<tbody>\n<tr>\n<td style=\"width: 60px; text-align: center;\" align=\"center\"><span style=\"font-family: times new roman, times, serif;\"><b>Nr. Crt<\/b><\/span><\/td>\n<td style=\"width: 300px;\" align=\"center\"><span style=\"font-family: times new roman, times, serif;\"><b>Nume si Prenume<\/b><\/span><\/td>\n<td style=\"width: 60px;\" align=\"center\"><span style=\"font-family: times new roman, times, serif;\"><b>Partid<\/b><\/span><\/td>\n<\/tr>\n<tr>\n<td style=\"width: 60px;\">1.<\/td>\n<td style=\"width: 300px;\"><span style=\"font-family: times new roman, times, serif;\">AVRAM CRISTIAN<\/span><\/td>\n<td style=\"width: 60px;\"><span style=\"font-family: times new roman, times, serif;\">P.S.D.<\/span><\/td>\n<\/tr>\n<tr>\n<td style=\"width: 60px;\"><span style=\"font-family: times new roman, times, serif;\">2.<\/span><\/td>\n<td style=\"width: 300px;\"><span style=\"font-family: times new roman, times, serif;\">SANDU CONSTANTIN<\/span><\/td>\n<td style=\"width: 60px;\"><span style=\"font-family: times new roman, times, serif;\">P.S.D.<\/span><\/td>\n<\/tr>\n<tr>\n<td style=\"width: 60px;\"><span style=\"font-family: times new roman, times, serif;\">3.<\/span><\/td>\n<td style=\"width: 300px;\"><span style=\"font-family: times new roman, times, serif;\">DATCU OANA \u2013 AMALIA<\/span><\/td>\n<td style=\"width: 60px;\"><span style=\"font-family: times new roman, times, serif;\">P.S.D.<\/span><\/td>\n<\/tr>\n<tr>\n<td style=\"width: 60px;\"><span style=\"font-family: times new roman, times, serif;\">4.<\/span><\/td>\n<td style=\"width: 300px;\"><span style=\"font-family: times new roman, times, serif;\">IOSIF CRISTIAN SILVIU<\/span><\/td>\n<td style=\"width: 60px;\"><span style=\"font-family: times new roman, times, serif;\">P.S.D.<\/span><\/td>\n<\/tr>\n<tr>\n<td style=\"width: 60px;\"><span style=\"font-family: times new roman, times, serif;\">5.<\/span><\/td>\n<td style=\"width: 300px;\"><span style=\"font-family: times new roman, times, serif;\">ELEFTERIE GHEORGHE<\/span><\/td>\n<td style=\"width: 60px;\"><span style=\"font-family: times new roman, times, serif;\">P.S.D.<\/span><\/td>\n<\/tr>\n<tr>\n<td style=\"width: 60px;\"><span style=\"font-family: times new roman, times, serif;\">6.<\/span><\/td>\n<td style=\"width: 300px;\"><span style=\"font-family: times new roman, times, serif;\">ANDREI IONUT BOGDAN<\/span><\/td>\n<td style=\"width: 60px;\"><span style=\"font-family: times new roman, times, serif;\">P.S.D.<\/span><\/td>\n<\/tr>\n<tr>\n<td style=\"width: 60px;\"><span style=\"font-family: times new roman, times, serif;\">7.<\/span><\/td>\n<td style=\"width: 300px;\"><span style=\"font-family: times new roman, times, serif;\">IONITA MARIAN<\/span><\/td>\n<td style=\"width: 60px;\"><span style=\"font-family: times new roman, times, serif;\">P.S.D<\/span><\/td>\n<\/tr>\n<tr>\n<td style=\"width: 60px;\"><span style=\"font-family: times new roman, times, serif;\">8.<\/span><\/td>\n<td style=\"width: 300px;\"><span style=\"font-family: times new roman, times, serif;\">TALMACIU FLORIN<\/span><\/td>\n<td style=\"width: 60px;\"><span style=\"font-family: times new roman, times, serif;\">P.S.D.<\/span><\/td>\n<\/tr>\n<tr>\n<td style=\"width: 60px;\"><span style=\"font-family: times new roman, times, serif;\">9.<\/span><\/td>\n<td style=\"width: 300px;\"><span style=\"font-family: times new roman, times, serif;\">STERESCU GHEORGHE CLAUDIU<\/span><\/td>\n<td style=\"width: 60px;\"><span style=\"font-family: times new roman, times, serif;\">P.S.D.<\/span><\/td>\n<\/tr>\n<tr>\n<td style=\"width: 60px;\"><span style=\"font-family: times new roman, times, serif;\">10.<\/span><\/td>\n<td style=\"width: 300px;\"><span style=\"font-family: times new roman, times, serif;\">GHITA CATALIN<\/span><\/td>\n<td style=\"width: 60px;\"><span style=\"font-family: times new roman, times, serif;\">U.S.R.<\/span><\/td>\n<\/tr>\n<tr>\n<td style=\"width: 60px;\"><span style=\"font-family: times new roman, times, serif;\">11.<\/span><\/td>\n<td style=\"width: 300px;\">MIHAI ALEXANDRU<\/td>\n<td style=\"width: 60px;\"><span style=\"font-family: times new roman, times, serif;\">U.S.R.<\/span><\/td>\n<\/tr>\n<tr>\n<td style=\"width: 60px;\"><span style=\"font-family: times new roman, times, serif;\">12.<\/span><\/td>\n<td style=\"width: 300px;\"><span style=\"font-family: times new roman, times, serif;\">CAZACU FLORIN<\/span><\/td>\n<td style=\"width: 60px;\"><span style=\"font-family: times new roman, times, serif;\">U.S.R.<\/span><\/td>\n<\/tr>\n<tr>\n<td style=\"width: 60px;\"><span style=\"font-family: times new roman, times, serif;\">13.<\/span><\/td>\n<td style=\"width: 300px;\"><span style=\"font-family: times new roman, times, serif;\">ION TUDOREL MARIAN<\/span><\/td>\n<td style=\"width: 60px;\"><span style=\"font-family: times new roman, times, serif;\">P.N.L.<\/span><\/td>\n<\/tr>\n<tr>\n<td style=\"width: 60px;\"><span style=\"font-family: times new roman, times, serif;\">14.<\/span><\/td>\n<td style=\"width: 300px;\"><span style=\"font-family: times new roman, times, serif;\">SAMOILA CORNEL<\/span><\/td>\n<td style=\"width: 60px;\"><span style=\"font-family: times new roman, times, serif;\">P.N.L.<\/span><\/td>\n<\/tr>\n<tr>\n<td style=\"width: 60px;\"><span style=\"font-family: times new roman, times, serif;\">15.<\/span><\/td>\n<td style=\"width: 300px;\"><span style=\"font-family: times new roman, times, serif;\">TODIRICA MIREL<\/span><\/td>\n<td style=\"width: 60px;\"><span style=\"font-family: times new roman, times, serif;\">A.U.R.<\/span><\/td>\n<\/tr>\n<tr>\n<td style=\"width: 60px;\"><span style=\"font-family: times new roman, times, serif;\">16.<\/span><\/td>\n<td style=\"width: 300px;\"><span style=\"font-family: times new roman, times, serif;\">SAB\u0102U FLORIN DUMITRU<\/span><\/td>\n<td style=\"width: 60px;\"><span style=\"font-family: times new roman, times, serif;\">F.D.<\/span><\/td>\n<\/tr>\n<\/tbody>\n<\/table>\n<p><strong><a href=\"https:\/\/emol.ro\/balotesti-if\/registru-phcl\/177946\/#annexes\">ANEXA la H.C.L. nr. 103\/08.11.2024<\/a><br \/>\n<\/strong>privind organizarea comisiilor de specialitate ale Consiliului local Balote\u015fti, pe domenii de activitate<\/p>\n<p><strong>COMISIA nr.1 &#8211; pentru agricultur\u0103, activit\u0103\u0163i economico- financiare, buget, finan\u0163e \u015fi comer\u0163, <\/strong>\u00een urm\u0103toarea componen\u0163\u0103:<\/p>\n<ol>\n<li><strong>DATCU OANA-AMALIA &#8211; pre\u015fedinte <\/strong><strong>ELEFTERIE GHEORGHE &#8211; secretar<\/strong><\/li>\n<li>AVRAM CRISTIAN &#8211; membru<\/li>\n<li>SAMOIL\u0102 CORNEL &#8211; membru<\/li>\n<li>ANDREI IONU\u0162-BOGDAN &#8211; membu<\/li>\n<\/ol>\n<p><strong>COMISIA nr.2 &#8211; pentru activit\u0103\u0163i social-culturale, culte, \u00eenv\u0103\u0163\u0103m\u00e2nt, s\u0103n\u0103tate \u015fi familie, <\/strong>\u00een urm\u0103toarea componen\u0163\u0103:<\/p>\n<ol>\n<li><strong>IOSIF<\/strong> <strong>CRISTIAN-SILVIU<\/strong> <strong>&#8211;<\/strong> <strong>pre\u015fedinte<\/strong><\/li>\n<li><strong>IONI\u0162\u0102 MARIAN &#8211; secretar<\/strong><\/li>\n<li>SANDU CONSTANTIN &#8211; membru<\/li>\n<li>DATCU OANA-AMALIA &#8211; membru<\/li>\n<li>GHI\u0162\u0102 C\u0102T\u0102LIN &#8211; membru<\/li>\n<\/ol>\n<p><strong>COMISIA nr.3<\/strong> &#8211; <strong>pentru amenajarea teritoriului \u015fi urbanism, realizarea lucr\u0103rilor publice, conservarea monumentelor istorice \u015fi de arhitectur\u0103, protec\u0163ia mediului \u015fi turism<\/strong>, \u00een urm\u0103toarea componen\u0163\u0103:<\/p>\n<ol>\n<li><strong>AVRAM<\/strong> <strong>CRISTIAN<\/strong> <strong>&#8211;<\/strong> <strong>pre\u015fedinte<\/strong><\/li>\n<li><strong>STERESCU<\/strong> <strong>GHEORGHE-CLAUDIU<\/strong> <strong>&#8211;<\/strong> <strong>secretar<\/strong><\/li>\n<li>SANDU CONSTANTIN &#8211; membru<\/li>\n<li>MARIN CORNEL &#8211; membru<\/li>\n<li>TODIRIC\u0102 MIREL &#8211; membru<\/li>\n<\/ol>\n<p><strong>COMISIA nr.4 &#8211; pentru munc\u0103, protec\u0163ie social\u0103, protec\u0163ie copii, tineret \u015fi sport, <\/strong>\u00een urm\u0103toarea componen\u0163\u0103:<\/p>\n<p>1.T\u0102LMACIU FLORIN &#8211; pre\u015fedinte<br \/>\n2. MARIN CORNEL &#8211; secretar<strong><br \/>\n<\/strong>3.IOSIF CRISTIAN-SILVIU &#8211; membru<br \/>\n4. SAB\u0102U FLORIN-DUMITRU &#8211; membru<br \/>\n5.ION TUDOREL-MARIAN &#8211; membru<\/p>\n<p><strong>COMISIA nr.5 &#8211; juridic\u0103, de ordine public\u0103 \u015fi de disciplin\u0103, servicii publice \u015fi integrare european\u0103<\/strong>, \u00een urm\u0103toarea componen\u0163\u0103:<\/p>\n<ol>\n<li><strong>ANDREI<\/strong> <strong>IONU\u0162-BOGDAN<\/strong> <strong>&#8211;<\/strong> <strong>pre\u015fedinte<\/strong><\/li>\n<li><strong>T\u0102LMACIU<\/strong> <strong>FLORIN<\/strong> <strong>&#8211;<\/strong> <strong>secretar<\/strong><\/li>\n<li>ELEFTERIE GHEORGHE &#8211; membru<\/li>\n<li>MIHAI ALEXANDRU &#8211; membru<\/li>\n<li>CAZACU FLORIN &#8211; membru<\/li>\n<\/ol>\n<p>[\/vc_column_text][\/vc_column][\/vc_row]<\/p>\n","protected":false},"excerpt":{"rendered":"<p>[vc_row][vc_column][vc_column_text]DISPOZITIA NR.116 stabilire loc afisaj electoral Circumscriptii electorale, delimitarea si numerotarea sectiilor de votare Raport cu delimitarille aferente UAT Lista Consilierilor Locali conform Ordinului Prefectului privind constatarea indepliniriiconditiilor legale de [&hellip;]<\/p>\n","protected":false},"author":1,"featured_media":0,"parent":0,"menu_order":0,"comment_status":"closed","ping_status":"closed","template":"","meta":{"footnotes":""},"class_list":["post-224","page","type-page","status-publish","hentry"],"_links":{"self":[{"href":"https:\/\/primariabalotesti.ro\/index.php\/wp-json\/wp\/v2\/pages\/224"}],"collection":[{"href":"https:\/\/primariabalotesti.ro\/index.php\/wp-json\/wp\/v2\/pages"}],"about":[{"href":"https:\/\/primariabalotesti.ro\/index.php\/wp-json\/wp\/v2\/types\/page"}],"author":[{"embeddable":true,"href":"https:\/\/primariabalotesti.ro\/index.php\/wp-json\/wp\/v2\/users\/1"}],"replies":[{"embeddable":true,"href":"https:\/\/primariabalotesti.ro\/index.php\/wp-json\/wp\/v2\/comments?post=224"}],"version-history":[{"count":53,"href":"https:\/\/primariabalotesti.ro\/index.php\/wp-json\/wp\/v2\/pages\/224\/revisions"}],"predecessor-version":[{"id":2890,"href":"https:\/\/primariabalotesti.ro\/index.php\/wp-json\/wp\/v2\/pages\/224\/revisions\/2890"}],"wp:attachment":[{"href":"https:\/\/primariabalotesti.ro\/index.php\/wp-json\/wp\/v2\/media?parent=224"}],"curies":[{"name":"wp","href":"https:\/\/api.w.org\/{rel}","templated":true}]}}