{"id":236,"date":"2018-07-18T08:13:05","date_gmt":"2018-07-18T08:13:05","guid":{"rendered":"http:\/\/primariabalotesti.ro\/?page_id=236"},"modified":"2024-02-19T17:35:29","modified_gmt":"2024-02-19T17:35:29","slug":"contact","status":"publish","type":"page","link":"https:\/\/primariabalotesti.ro\/index.php\/contact\/","title":{"rendered":"Contact"},"content":{"rendered":"<p>[vc_row][vc_column width=&#8221;1\/2&#8243;][vc_column_text]<strong>Date de contact<br \/>\nPrim\u0103ria Balote\u0219ti<\/strong><\/p>\n<p><strong>Adres\u0103 sediu principal<\/strong><\/p>\n<p>Comuna Balote\u0219ti, Jude\u021bul Ilfov,<br \/>\nCalea Bucuresti(D.N.1), Nr. 89,<br \/>\nSat S\u0103ftica Cod Po\u0219tal 077017<br \/>\nTel. 021\/3511092\/93<br \/>\nFax.021\/3521885<br \/>\nAdres\u0103 mail: sediu@pblt.ro<\/p>\n<p>Program<br \/>\nLuni-Joi: 8.00 \u2013 16.30<br \/>\nVineri: 8.00 \u2013 14.00 &#8211;\u00a0<i> nu se lucreaza cu publicul<\/i><br \/>\n<i><br \/>\n<\/i><\/p>\n<p>Sediu secundar (Taxe-impozite \u0219i registru agricol)<br \/>\nComuna Balote\u0219ti, Jude\u021bul Ilfov,<br \/>\n\u0218oseaua Unirii, Nr. 218<br \/>\n031\/4301403<\/p>\n<p>Program<br \/>\nLuni-Joi: 8.00 \u2013 16.30<br \/>\nVineri: 8.00 \u2013 14.00 &#8211;<i> nu se lucreaza cu publicul<\/i>[\/vc_column_text][\/vc_column][vc_column width=&#8221;1\/2&#8243;][vc_gmaps link=&#8221;#E-8_JTNDaWZyYW1lJTIwc3JjJTNEJTIyaHR0cHMlM0ElMkYlMkZ3d3cuZ29vZ2xlLmNvbSUyRm1hcHMlMkZlbWJlZCUzRnBiJTNEJTIxMW0xOCUyMTFtMTIlMjExbTMlMjExZDI4MzkuNTg1NjgxNzI4Mjk1NiUyMTJkMjYuMDY4NTkwODg1NjMzODc4JTIxM2Q0NC42MjU5NDUzMTY1OTcxMSUyMTJtMyUyMTFmMCUyMTJmMCUyMTNmMCUyMTNtMiUyMTFpMTAyNCUyMTJpNzY4JTIxNGYxMy4xJTIxM20zJTIxMW0yJTIxMXMweDAlMjUzQTB4MzE1YWE1NzU4OTdlZGNjNiUyMTJ6VUhKcGJjU0RjbWxoSUVKaGJHOTBaY2laZEdrJTIxNWUwJTIxM20yJTIxMXNlbiUyMTJzcm8lMjE0djE1MzIzNDE3MDE1MzclMjIlMjB3aWR0aCUzRCUyMjQwMCUyMiUyMGhlaWdodCUzRCUyMjQwMCUyMiUyMGZyYW1lYm9yZGVyJTNEJTIyMCUyMiUyMHN0eWxlJTNEJTIyYm9yZGVyJTNBMCUyMiUyMGFsbG93ZnVsbHNjcmVlbiUzRSUzQyUyRmlmcmFtZSUzRQ==&#8221; css=&#8221;.vc_custom_1532343956496{border-radius: 2px !important;}&#8221;][\/vc_column][\/vc_row][vc_row][vc_column][vc_column_text]<\/p>\n<table class=\"aligncenter\" style=\"width: 117.334%; height: 1482px;\" border=\"1\">\n<tbody>\n<tr style=\"height: 25px;\">\n<td style=\"width: 29.4872%; height: 25px;\"><span style=\"font-family: times new roman,times,serif;\">Birou\/Departament<\/span><\/td>\n<td style=\"width: 30.057%; height: 25px;\"><span style=\"font-family: times new roman,times,serif;\">Num\u0103r de telefon \u0219i Interior<\/span><\/td>\n<td style=\"width: 39.1738%; height: 25px;\"><span style=\"font-family: times new roman,times,serif;\">Adres\u0103 mail<\/span><\/td>\n<\/tr>\n<tr style=\"height: 25px;\">\n<td style=\"width: 29.4872%; height: 25px;\"><span style=\"font-family: times new roman,times,serif;\">Primar<\/span><\/td>\n<td style=\"width: 30.057%; height: 25px;\"><span style=\"font-family: times new roman,times,serif;\">0730118588<\/span><\/td>\n<td style=\"width: 39.1738%; height: 25px;\"><span style=\"font-family: times new roman,times,serif;\">sediu@pblt.ro<\/span><\/td>\n<\/tr>\n<tr style=\"height: 25px;\">\n<td style=\"width: 29.4872%; height: 25px;\"><span style=\"font-family: times new roman,times,serif;\">Viceprimar<\/span><\/td>\n<td style=\"width: 30.057%; height: 25px;\"><span style=\"font-family: times new roman,times,serif;\">0751154300<\/span><\/td>\n<td style=\"width: 39.1738%; height: 25px;\"><span style=\"font-family: times new roman,times,serif;\">sediu@pblt.ro<\/span><\/td>\n<\/tr>\n<tr style=\"height: 32px;\">\n<td style=\"width: 29.4872%; height: 32px;\"><span style=\"font-family: times new roman,times,serif;\">Secretar General al Comunei<br \/>\n<\/span><\/td>\n<td style=\"width: 30.057%; height: 32px;\"><span style=\"font-family: times new roman,times,serif;\">0213511092<br \/>\n<\/span><span style=\"font-family: times new roman,times,serif;\">0213511093 int. 111<br \/>\n<\/span><\/td>\n<td style=\"width: 39.1738%; height: 32px;\"><span style=\"font-family: times new roman,times,serif;\">sediu@pblt.ro<\/span><\/td>\n<\/tr>\n<tr style=\"height: 82px;\">\n<td style=\"width: 29.4872%; height: 82px;\"><strong><span style=\"font-family: times new roman,times,serif;\">Registratur\u0103 \u0219i Rela\u021bii cu Publicul<\/span><\/strong><\/td>\n<td style=\"width: 30.057%; height: 82px;\"><strong><span style=\"font-family: times new roman, times, serif;\">021 3511092<br \/>\n<\/span><\/strong><strong><span style=\"font-family: times new roman, times, serif;\">021 3511093\u00a0 int. 110<\/span><\/strong><\/td>\n<td style=\"width: 39.1738%; height: 82px;\"><strong><span style=\"font-family: times new roman, times, serif;\">Mihaela Ionita registratura@pblt.ro<\/span><\/strong><\/td>\n<\/tr>\n<tr style=\"height: 50px;\">\n<td style=\"width: 29.4872%; height: 50px;\"><span style=\"font-family: times new roman,times,serif;\">&#8211; Depunere\/verificare cereri<\/span><\/td>\n<td style=\"width: 30.057%; height: 50px;\"><span style=\"font-family: times new roman, times, serif;\">0213511092 <\/span><br \/>\n<span style=\"font-family: times new roman, times, serif;\">0213511093 int. 110<\/span><\/td>\n<td style=\"width: 39.1738%; height: 50px;\"><span style=\"font-family: times new roman,times,serif;\">registratura@pblt.ro<\/span><\/td>\n<\/tr>\n<tr style=\"height: 49px;\">\n<td style=\"width: 29.4872%; height: 49px;\"><span style=\"font-family: times new roman,times,serif;\">Contabilitate<\/span> <span style=\"font-family: times new roman,times,serif;\">&#8211; Rela\u021bia cu furnizorii<\/span><\/td>\n<td style=\"width: 30.057%; height: 49px;\"><span style=\"font-family: times new roman, times, serif;\">0213511092 <\/span><br \/>\n<span style=\"font-family: times new roman, times, serif;\">0213511093 int. 120<\/span><\/td>\n<td style=\"width: 39.1738%; height: 49px;\">sediu@pblt.ro<br \/>\nregistratura@pblt.ro<\/td>\n<\/tr>\n<tr style=\"height: 75px;\">\n<td style=\"width: 29.4872%; height: 75px;\"><span style=\"font-family: times new roman,times,serif;\">Urbanism<\/span><\/td>\n<td style=\"width: 30.057%; height: 75px;\"><span style=\"font-family: times new roman,times,serif;\">021\/3511092<br \/>\n021\/3511093 int.117<\/span><br \/>\n<span style=\"font-family: times new roman,times,serif;\">0730118600<\/span><\/td>\n<td style=\"width: 39.1738%; height: 75px;\">sediu@pblt.ro<br \/>\nregistratura@pblt.ro<\/td>\n<\/tr>\n<tr style=\"height: 50px;\">\n<td style=\"width: 29.4872%; height: 50px;\"><span style=\"font-family: times new roman,times,serif;\">Asisten\u021b\u0103 social\u0103<\/span><\/td>\n<td style=\"width: 30.057%; height: 50px;\"><span style=\"font-family: times new roman, times, serif;\">0213511092 <\/span><br \/>\n<span style=\"font-family: times new roman, times, serif;\">0213511093 int. 115<\/span><br \/>\n<span style=\"font-family: times new roman,times,serif;\">0730118596<\/span><\/td>\n<td style=\"width: 39.1738%; height: 50px;\"><span style=\"font-family: times new roman,times,serif;\">sediu@pblt.ro<br \/>\nregistratura@pblt.ro<\/span><\/td>\n<\/tr>\n<tr style=\"height: 50px;\">\n<td style=\"width: 29.4872%; height: 50px;\"><span style=\"font-family: times new roman,times,serif;\">Stare civil\u0103<\/span><\/td>\n<td style=\"width: 30.057%; height: 50px;\"><span style=\"font-family: times new roman,times,serif;\">0213511092<br \/>\n0213511093 int. 104<br \/>\n<\/span><span style=\"font-family: times new roman,times,serif;\">0730118595<\/span><\/td>\n<td style=\"width: 39.1738%; height: 50px;\"><span style=\"font-family: times new roman,times,serif;\">sediu@pblt.ro<br \/>\nregistratura@pblt.ro<\/span><\/td>\n<\/tr>\n<tr style=\"height: 100px;\">\n<td style=\"width: 29.4872%; height: 100px;\"><span style=\"font-family: times new roman,times,serif;\">Registru agricol \u0219i cadastru<\/span> <span style=\"font-family: times new roman,times,serif;\">-Adeverin\u021bele se elibereaz\u0103 \u00een termen de 3 zile lucr\u0103toare de la data \u00eenregistr\u0103rii cererii<\/span><\/td>\n<td style=\"width: 30.057%; height: 100px;\"><span style=\"font-family: times new roman,times,serif;\">031\/4301403<\/span><\/td>\n<td style=\"width: 39.1738%; height: 100px;\">sediu@pblt.ro<br \/>\nregistratura@pblt.ro<\/td>\n<\/tr>\n<tr style=\"height: 125px;\">\n<td style=\"width: 29.4872%; height: 125px;\"><span style=\"font-family: times new roman,times,serif;\">Impozite \u0219i taxe \u2013 Persoane fizice \u0219i juridice<\/span> <span style=\"font-family: times new roman,times,serif;\">-Impuneri auto, cl\u0103diri, terenuri, garaje<\/span> <span style=\"font-family: times new roman,times,serif;\">&#8211; Salubritate blocuri<\/span> <span style=\"font-family: times new roman,times,serif;\">-Scutiri<\/span> <span style=\"font-family: times new roman,times,serif;\">-Certificate fiscale PJ\/PF<\/span> <span style=\"font-family: times new roman,times,serif;\">-Transfer auto PJ\/PF<\/span><\/td>\n<td style=\"width: 30.057%; height: 125px;\"><span style=\"font-family: times new roman,times,serif;\"><span style=\"font-family: times new roman,times,serif;\">0213511092<br \/>\n0213511093 int. 105<\/span><\/span>&nbsp;<\/td>\n<td style=\"width: 39.1738%; height: 125px;\"><span style=\"font-family: times new roman,times,serif;\">sediu@pblt.ro<br \/>\nregistratura@pblt.ro<\/span><\/td>\n<\/tr>\n<tr style=\"height: 450px;\">\n<td style=\"width: 29.4872%; height: 450px;\"><span style=\"font-family: times new roman,times,serif;\">Impozite \u0219i taxe \u2013 Persoane fizice \u0219i juridice<\/span> <span style=\"font-family: times new roman,times,serif;\">-\u00cencas\u0103ri<\/span> <span style=\"font-family: times new roman,times,serif;\">-O.P, vir\u0103ri, compens\u0103ri, borderouri, reglare conturi<\/span> <span style=\"font-family: times new roman,times,serif;\">-Executare judiciar\u0103<\/span> <span style=\"font-family: times new roman,times,serif;\">-Adrese ANAF, DIICOT, DNA, Poli\u021bie etc.<\/span> <span style=\"font-family: times new roman,times,serif;\">-Compens\u0103ri<\/span> <span style=\"font-family: times new roman,times,serif;\">-Restituiri<\/span> <span style=\"font-family: times new roman,times,serif;\">-Sechestre<\/span> <span style=\"font-family: times new roman,times,serif;\">-Ridic\u0103ri, sechestre<\/span> <span style=\"font-family: times new roman,times,serif;\">-Contracte de publicitate, reclam\u0103<\/span> <span style=\"font-family: times new roman,times,serif;\">-Regulariz\u0103ri autoriza\u021bii construc\u021bie \u0219i desfiin\u021bare, declara\u021bii, valoare real\u0103<\/span> <span style=\"font-family: times new roman,times,serif;\">-Autoriza\u021bii func\u021bionare<\/span> <span style=\"font-family: times new roman,times,serif;\">-Soma\u021bii titlu executoriu, \u00eenfiin\u021b\u0103ri, popriri persoane juridice<\/span> <span style=\"font-family: times new roman,times,serif;\">-Anun\u021buri colective<\/span> <span style=\"font-family: times new roman,times,serif;\">-Afi\u0219are pe site-ul prim\u0103riei<\/span> <span style=\"font-family: times new roman,times,serif;\">-Ridic\u0103ri de popriri<\/span> <span style=\"font-family: times new roman,times,serif;\">-Amenzi P.J<\/span> <span style=\"font-family: times new roman,times,serif;\">-Adrese \u0219i \u00centocmirea dosarelor pentru firmele intrate \u00een insolven\u021b\u0103 \u0219i faliment<\/span><\/td>\n<td style=\"width: 30.057%; height: 450px;\"><span style=\"font-family: times new roman,times,serif;\">0213511092<br \/>\n0213511093 int.106<\/span><\/td>\n<td style=\"width: 39.1738%; height: 450px;\">sediu@pblt.ro<br \/>\nregistratura@pblt.ro<\/td>\n<\/tr>\n<tr style=\"height: 50px;\">\n<td style=\"width: 29.4872%; height: 50px;\"><span style=\"font-family: times new roman,times,serif;\">Poli\u021bia local\u0103<\/span><\/td>\n<td style=\"width: 30.057%; height: 50px;\"><span style=\"font-family: times new roman,times,serif;\">021\/3672270 int. 123\/124<\/span> <span style=\"font-family: times new roman,times,serif;\">0735172838<\/span><\/td>\n<td style=\"width: 39.1738%; height: 50px;\">sediu@pblt.ro<br \/>\nregistratura@pblt.ro<\/td>\n<\/tr>\n<tr style=\"height: 25px;\">\n<td style=\"width: 29.4872%; height: 25px;\"><span style=\"font-family: times new roman,times,serif;\">Mediator sanitar<\/span><\/td>\n<td style=\"width: 30.057%; height: 25px;\"><span style=\"font-family: times new roman,times,serif;\">0722879762<\/span><\/td>\n<td style=\"width: 39.1738%; height: 25px;\"><\/td>\n<\/tr>\n<tr style=\"height: 49px;\">\n<td style=\"width: 29.4872%; height: 49px;\"><span style=\"font-family: times new roman,times,serif;\">DPO<\/span><\/td>\n<td style=\"width: 30.057%; height: 49px;\"><span style=\"font-family: times new roman, times, serif;\">0213511092 <\/span><br \/>\n<span style=\"font-family: times new roman, times, serif;\">0213511093 int. 118<\/span><\/td>\n<td style=\"width: 39.1738%; height: 49px;\">sediu@pblt.ro<br \/>\nregistratura@pblt.ro<\/td>\n<\/tr>\n<tr style=\"height: 25px;\">\n<td style=\"width: 29.4872%; height: 25px;\"><span style=\"font-family: times new roman,times,serif;\">Achizi\u021bii<\/span><\/td>\n<td style=\"width: 30.057%; height: 25px;\"><span style=\"font-family: times new roman, times, serif;\">0213511092 <\/span><br \/>\n<span style=\"font-family: times new roman, times, serif;\">0213511093 int. 102<\/span><\/td>\n<td style=\"width: 39.1738%; height: 25px;\"><\/td>\n<\/tr>\n<tr style=\"height: 25px;\">\n<td style=\"width: 29.4872%; height: 25px;\"><span style=\"font-family: times new roman,times,serif;\">Juridic<\/span><\/td>\n<td style=\"width: 30.057%; height: 25px;\"><span style=\"font-family: times new roman, times, serif;\">0213511092 <\/span><br \/>\n<span style=\"font-family: times new roman, times, serif;\">0213511093 int. 107<\/span><\/td>\n<td style=\"width: 39.1738%; height: 25px;\"><span style=\"font-family: times new roman, times, serif;\">registratura@pblt.ro<\/span><\/td>\n<\/tr>\n<tr style=\"height: 25px;\">\n<td style=\"width: 29.4872%; height: 25px;\"><span style=\"font-family: times new roman,times,serif;\">Resurse umane<\/span><\/td>\n<td style=\"width: 30.057%; height: 25px;\"><span style=\"font-family: times new roman, times, serif;\">0213511092 <\/span><br \/>\n<span style=\"font-family: times new roman, times, serif;\">0213511093 int. 118<\/span><\/td>\n<td style=\"width: 39.1738%; height: 25px;\">registratura@pblt.ro<\/td>\n<\/tr>\n<tr style=\"height: 24px;\">\n<td style=\"text-align: center; width: 98.718%; height: 24px;\" colspan=\"3\">ADPP<\/td>\n<\/tr>\n<tr style=\"height: 49px;\">\n<td style=\"width: 29.4872%; height: 49px;\">Responsabil deseuri menajere si reciclabile<\/td>\n<td style=\"width: 30.057%; height: 49px;\"><span style=\"font-family: times new roman,times,serif;\">0736035609<\/span><\/td>\n<td style=\"width: 39.1738%; height: 49px;\">Stefan Gheorghe<\/td>\n<\/tr>\n<tr style=\"height: 24px;\">\n<td style=\"width: 29.4872%; height: 24px;\">Responsabil deseuri vegetale<\/td>\n<td style=\"width: 30.057%; height: 24px;\">0761520722<\/td>\n<td style=\"width: 39.1738%; height: 24px;\">Stoica Viorel<\/td>\n<\/tr>\n<tr style=\"height: 24px;\">\n<td style=\"width: 29.4872%; height: 24px;\">Responsabil iluminat public<\/td>\n<td style=\"width: 30.057%; height: 24px;\">0738721926<\/td>\n<td style=\"width: 39.1738%; height: 24px;\">Ciontu Madalina<\/td>\n<\/tr>\n<tr style=\"height: 24px;\">\n<td style=\"width: 29.4872%; height: 24px;\">Director<\/td>\n<td style=\"width: 30.057%; height: 24px;\">0732769579<\/td>\n<td style=\"width: 39.1738%; height: 24px;\">Neagu Florian<\/td>\n<\/tr>\n<\/tbody>\n<\/table>\n<p>[\/vc_column_text][\/vc_column][\/vc_row]<\/p>\n","protected":false},"excerpt":{"rendered":"<p>[vc_row][vc_column width=&#8221;1\/2&#8243;][vc_column_text]Date de contact Prim\u0103ria Balote\u0219ti Adres\u0103 sediu principal Comuna Balote\u0219ti, Jude\u021bul Ilfov, Calea Bucuresti(D.N.1), Nr. 89, Sat S\u0103ftica Cod Po\u0219tal 077017 Tel. 021\/3511092\/93 Fax.021\/3521885 Adres\u0103 mail: sediu@pblt.ro Program Luni-Joi: [&hellip;]<\/p>\n","protected":false},"author":1,"featured_media":0,"parent":0,"menu_order":0,"comment_status":"closed","ping_status":"closed","template":"","meta":{"footnotes":""},"class_list":["post-236","page","type-page","status-publish","hentry"],"_links":{"self":[{"href":"https:\/\/primariabalotesti.ro\/index.php\/wp-json\/wp\/v2\/pages\/236"}],"collection":[{"href":"https:\/\/primariabalotesti.ro\/index.php\/wp-json\/wp\/v2\/pages"}],"about":[{"href":"https:\/\/primariabalotesti.ro\/index.php\/wp-json\/wp\/v2\/types\/page"}],"author":[{"embeddable":true,"href":"https:\/\/primariabalotesti.ro\/index.php\/wp-json\/wp\/v2\/users\/1"}],"replies":[{"embeddable":true,"href":"https:\/\/primariabalotesti.ro\/index.php\/wp-json\/wp\/v2\/comments?post=236"}],"version-history":[{"count":55,"href":"https:\/\/primariabalotesti.ro\/index.php\/wp-json\/wp\/v2\/pages\/236\/revisions"}],"predecessor-version":[{"id":2431,"href":"https:\/\/primariabalotesti.ro\/index.php\/wp-json\/wp\/v2\/pages\/236\/revisions\/2431"}],"wp:attachment":[{"href":"https:\/\/primariabalotesti.ro\/index.php\/wp-json\/wp\/v2\/media?parent=236"}],"curies":[{"name":"wp","href":"https:\/\/api.w.org\/{rel}","templated":true}]}}