{"id":245,"date":"2018-07-18T11:22:50","date_gmt":"2018-07-18T11:22:50","guid":{"rendered":"http:\/\/primariabalotesti.ro\/?page_id=245"},"modified":"2025-08-02T08:43:53","modified_gmt":"2025-08-02T08:43:53","slug":"stare-civila","status":"publish","type":"page","link":"https:\/\/primariabalotesti.ro\/index.php\/stare-civila\/","title":{"rendered":"Stare civil\u0103"},"content":{"rendered":"\t\t<div data-elementor-type=\"wp-post\" data-elementor-id=\"245\" class=\"elementor elementor-245\">\n\t\t\t\t\t\t<section class=\"elementor-section elementor-top-section elementor-element elementor-element-c48d052 elementor-section-boxed elementor-section-height-default elementor-section-height-default\" data-id=\"c48d052\" data-element_type=\"section\">\n\t\t\t\t\t\t<div class=\"elementor-container elementor-column-gap-default\">\n\t\t\t\t\t<div class=\"elementor-column elementor-col-100 elementor-top-column elementor-element elementor-element-f70b07f\" data-id=\"f70b07f\" data-element_type=\"column\">\n\t\t\t<div class=\"elementor-widget-wrap elementor-element-populated\">\n\t\t\t\t\t\t<section class=\"elementor-section elementor-inner-section elementor-element elementor-element-8aa39a4 elementor-section-boxed elementor-section-height-default elementor-section-height-default\" data-id=\"8aa39a4\" data-element_type=\"section\">\n\t\t\t\t\t\t<div class=\"elementor-container elementor-column-gap-default\">\n\t\t\t\t\t<div class=\"elementor-column elementor-col-50 elementor-inner-column elementor-element elementor-element-1bee81c\" data-id=\"1bee81c\" data-element_type=\"column\">\n\t\t\t<div class=\"elementor-widget-wrap elementor-element-populated\">\n\t\t\t\t\t\t<div class=\"elementor-element elementor-element-2ac58e4 elementor-widget elementor-widget-text-editor\" data-id=\"2ac58e4\" data-element_type=\"widget\" data-widget_type=\"text-editor.default\">\n\t\t\t\t<div class=\"elementor-widget-container\">\n\t\t\t\t\t\t\t<p style=\"text-align: center;\"><a href=\"http:\/\/primariabalotesti.ro\/wp-content\/uploads\/2018\/08\/Divortul pe cale administrativa.pdf\" data-wplink-url-error=\"true\"><span style=\"font-family: times new roman, times, serif;\">Divor\u021bul pe cale administrativ\u0103<\/span><\/a><br \/><a href=\"http:\/\/primariabalotesti.ro\/wp-content\/uploads\/2018\/08\/Eliberarea duplicatelor de pe actele de stare civila.pdf\" data-wplink-url-error=\"true\">Eliberarea dublicatelor de pe actele de stare civil\u0103<\/a><br \/><a href=\"http:\/\/primariabalotesti.ro\/wp-content\/uploads\/2018\/08\/Inregistrarea casatoriei.pdf\" data-wplink-url-error=\"true\">\u00cenregistrarea c\u0103s\u0103toriei<\/a><br \/><a href=\"http:\/\/primariabalotesti.ro\/wp-content\/uploads\/2018\/08\/Inregistrarea nasterii.pdf\" data-wplink-url-error=\"true\">\u00cenregitrarea na\u0219terii<\/a><\/p>\t\t\t\t\t\t<\/div>\n\t\t\t\t<\/div>\n\t\t\t\t\t<\/div>\n\t\t<\/div>\n\t\t\t\t<div class=\"elementor-column elementor-col-50 elementor-inner-column elementor-element elementor-element-63e4c65\" data-id=\"63e4c65\" data-element_type=\"column\">\n\t\t\t<div class=\"elementor-widget-wrap elementor-element-populated\">\n\t\t\t\t\t\t<div class=\"elementor-element elementor-element-f1bab7c elementor-widget elementor-widget-text-editor\" data-id=\"f1bab7c\" data-element_type=\"widget\" data-widget_type=\"text-editor.default\">\n\t\t\t\t<div class=\"elementor-widget-container\">\n\t\t\t\t\t\t\t<p style=\"text-align: center;\"><a href=\"http:\/\/primariabalotesti.ro\/wp-content\/uploads\/2018\/08\/Livretul de familie.pdf\" data-wplink-url-error=\"true\"><span style=\"font-family: times new roman, times, serif;\">Livret de familie<\/span><\/a><br \/><a href=\"http:\/\/primariabalotesti.ro\/wp-content\/uploads\/2018\/08\/Rectificarea actelor de stare civila.pdf\" data-wplink-url-error=\"true\"><span style=\"font-family: times new roman, times, serif;\">Rectificarea actelor de stare civil\u0103<\/span><\/a><br \/><a href=\"http:\/\/primariabalotesti.ro\/wp-content\/uploads\/2018\/08\/Schimbarea numelui de familie sau a prenumelui pe cale administrativa.pdf\" data-wplink-url-error=\"true\"><span style=\"font-family: times new roman, times, serif;\">Schimbarea numelui sau prenumelui pe cale adminsitrativ\u0103<\/span><\/a><br \/><a href=\"http:\/\/primariabalotesti.ro\/wp-content\/uploads\/2018\/08\/Transcrierea actelor de stare civila inregistrate la autoritarile locale din strainatate.pdf\" data-wplink-url-error=\"true\"><span style=\"font-family: times new roman, times, serif;\">Transcrierea actelor de stare civil\u0103 \u00eenregitrare la autorit\u0103\u021bile locale din str\u0103in\u0103tate<\/span><\/a><\/p>\t\t\t\t\t\t<\/div>\n\t\t\t\t<\/div>\n\t\t\t\t\t<\/div>\n\t\t<\/div>\n\t\t\t\t\t<\/div>\n\t\t<\/section>\n\t\t\t\t\t<\/div>\n\t\t<\/div>\n\t\t\t\t\t<\/div>\n\t\t<\/section>\n\t\t\t\t<section class=\"elementor-section elementor-top-section elementor-element elementor-element-1d39f5c4 elementor-section-boxed elementor-section-height-default elementor-section-height-default\" data-id=\"1d39f5c4\" data-element_type=\"section\">\n\t\t\t\t\t\t<div class=\"elementor-container elementor-column-gap-default\">\n\t\t\t\t\t<div class=\"elementor-column elementor-col-100 elementor-top-column elementor-element elementor-element-63e3ec46\" data-id=\"63e3ec46\" data-element_type=\"column\">\n\t\t\t<div class=\"elementor-widget-wrap elementor-element-populated\">\n\t\t\t\t\t\t<div class=\"elementor-element elementor-element-34a389a7 elementor-widget elementor-widget-text-editor\" data-id=\"34a389a7\" data-element_type=\"widget\" data-widget_type=\"text-editor.default\">\n\t\t\t\t<div class=\"elementor-widget-container\">\n\t\t\t\t\t\t\t<p><\/p>\n<p><strong>Program<\/strong><\/p>\n<p>Luni-Joi: 8.00 \u2013 16.30<\/p>\n<p>Vineri: 8.00 \u2013 14.00<\/p>\n<p><em>In afara programului de lucru nu se inregistreaza decese, deoarece nu exista suport tehnic pentru programul SIIEASC.<\/em><\/p>\n<p><span style=\"font-family: times new roman, times, serif;\"><strong><br><\/strong><\/span><span style=\"font-family: times new roman, times, serif;\"><strong>Stare civil\u0103<\/strong>, situa\u0163ia juridic\u0103 ce subsumeaz\u0103 complexul de drepturi \u015fi obliga\u0163ii prin care se exprim\u0103 atributele \u015fi calit\u0103\u0163ile dob\u00e2ndite de persoana fizic\u0103 \u00een cadrul raporturilor sale de familie, ca o consecin\u0163\u0103 a apartenen\u0163ei sale la o anumit\u0103 comunitate familial\u0103. \u00een limbajul juridic, s.c. a persoanei este sinonim\u0103 cu statutul civil al persoanei, dar legisla\u0163ia \u00een vigoare utilizeaz\u0103 cu prioritate expresia \u201estare civil\u0103&#8221;. S.c. cuprinde, \u00een con\u0163inutul ei, seria de calit\u0103\u0163i personale prin care se individualizeaz\u0103 persoana fizic\u0103 \u00een familie \u015fi societate. De regul\u0103, asemenea calit\u0103\u0163i se analizeaz\u0103 ca unit\u0103\u0163i de contrarii, ca de exemplu: c\u0103s\u0103torit &#8211; nec\u0103s\u0103torit; din c\u0103s\u0103torie&nbsp;&#8211; din afara c\u0103s\u0103toriei; c\u0103s\u0103torit -divor\u0163at; c\u0103s\u0103torit\u0103 &#8211; v\u0103duv\u0103; cu filia\u0163ia stabilit\u0103 &#8211; cu filia\u0163ia nestabilit\u0103; \u00een grad de rudenie &#8211; f\u0103r\u0103 grad de rudenie etc. De precizat c\u0103 \u00een con\u0163inutul s.c. se cuprind numai calit\u0103\u0163i civile sau calit\u0103\u0163i decurg\u00e2nd din raporturile de familie; r\u0103m\u00e2n exterioare acestui con\u0163inut calit\u0103\u0163ile de alt\u0103 natur\u0103, cum ar fi: calitatea de cet\u0103\u0163ean, cea de contravenient, de infractor, de recidivist, de persoan\u0103 \u00eencadrat\u0103 \u00een munc\u0103, de func\u0163ionar etc. Sfera con\u0163inutului s.c. nu coincide cu aceea a con\u0163inutului \u00eenregistr\u0103rilor de s.c., acesta din urm\u0103 nu prive\u015fte \u00een exclusivitate s.c., ci \u015fi alte elemente de identificare a persoanei fizice, precum numele \u015fi domiciliul. Sexul (feminin sau masculin) face parte din elementele con\u0163inutului s.c., deoarece el prezint\u0103 importan\u0163\u0103, sub acest aspect, \u00een materia c\u0103s\u0103toriei, a filia\u0163iei, precum \u015fi \u00een alte domenii de raporturi sociale ce sunt reglementate de norme juridice apar\u0163in\u00e2nd altor ramuri dec\u00e2t dreptului civil. Locul na\u015fterii nu se include \u00een elementele con\u0163inutului s.c., el prezint\u0103 interes numai sub aspectul dob\u00e2ndirii cet\u0103\u0163eniei \u015fi din punctul de vedere al eviden\u0163ei popula\u0163iei, dar \u00eemprejurarea nu poate fi invocat\u0103 ca argument pentru teza apartenen\u0163ei lui la s.c., deoarece nici cet\u0103\u0163enia \u015fi nici eviden\u0163a popula\u0163iei nu apar\u0163in acesteia din urm\u0103. Nici grupa sangvin\u0103 nu poate fi inclus\u0103 printre elementele con\u0163inutului s.c., deoarece interesul pe care ea \u00eel prezint\u0103 \u00een materie de&nbsp;c\u0103s\u0103torie este, \u00een principal, de ordin medical, iar nu juridic. Situa\u0163ia se prezint\u0103 \u00een termeni similari \u015fi cu referire la stabilirea filia\u0163iei: aici grupa sangvin\u0103 poate constitui un mijloc de prob\u0103 pentru excluderea filia\u0163iei fa\u0163\u0103 de tat\u0103, dar nu neap\u0103rat \u015fi pentru dovada acelei filia\u0163ii. S.c. se afl\u0103 \u00een corela\u0163ie cu alte concepte juridice, de exemplu numele, domiciliul, cet\u0103\u0163enia, capacitatea civil\u0103, dar \u00ee\u015fi p\u0103streaz\u0103 o individualitate proprie \u00een raport cu fiecare dintre acestea. Corela\u0163ia \u00eentre s.c., nume \u015fi domiciliu poate fi sugestiv exprimat\u0103 prin formula: s.c. stabile\u015fte identitatea juridic\u0103 a persoanei, numele permite s\u0103 o recunoa\u015ftem \u015fi s\u0103 o desemn\u0103m, iar domiciliul ne indic\u0103 locul unde ea poate fi g\u0103sit\u0103. Leg\u0103tura inseparabil\u0103 dintre s.c. \u015fi capacitatea civil\u0103 se concretizeaz\u0103, printre altele, \u00een aceea c\u0103 unele \u00eengr\u0103diri ale capacit\u0103\u0163ii subiectivale presupun cu necesitate o anumit\u0103 stare civil\u0103. Tot astfel, capacitatea de exerci\u0163iu este afectat\u0103 \u00een unele situa\u0163ii de starea civil\u0103 a persoanei; men\u0163ion\u0103m \u00een acest sens c\u0103, prin efectul c\u0103s\u0103toriei, femeia de 15 sau 16 ani devine major\u0103, dob\u00e2ndind capacitate de exerci\u0163iu deplin\u0103. S.c. se afl\u0103 \u00eentr-o oarecare corela\u0163ie \u015fi cu cet\u0103\u0163enia, \u00een sensul c\u0103 unele acte de stare civil\u0103 sunt susceptibile s\u0103 \u00eenr\u00e2ureasc\u0103 cet\u0103\u0163enia.<br><\/span><span style=\"font-family: times new roman, times, serif;\">S.c. prezint\u0103 urm\u0103toarele caractere juridice:<br>a) indivizibilitate;<br><\/span><span style=\"font-family: times new roman, times, serif;\">b) indisponibilitate;<br>c) imprescriptibilitate;<br>d) caracterul strict personal;<br>e) universalitate;<br>f) legalitate [v. \u015fi proba st\u0103rii civile].<\/span><\/p>\t\t\t\t\t\t<\/div>\n\t\t\t\t<\/div>\n\t\t\t\t\t<\/div>\n\t\t<\/div>\n\t\t\t\t\t<\/div>\n\t\t<\/section>\n\t\t\t\t<\/div>\n\t\t","protected":false},"excerpt":{"rendered":"<p>Divor\u021bul pe cale administrativ\u0103Eliberarea dublicatelor de pe actele de stare civil\u0103\u00cenregistrarea c\u0103s\u0103toriei\u00cenregitrarea na\u0219terii Livret de familieRectificarea actelor de stare civil\u0103Schimbarea numelui sau prenumelui pe cale adminsitrativ\u0103Transcrierea actelor de stare civil\u0103 [&hellip;]<\/p>\n","protected":false},"author":1,"featured_media":0,"parent":0,"menu_order":0,"comment_status":"closed","ping_status":"closed","template":"","meta":{"footnotes":""},"class_list":["post-245","page","type-page","status-publish","hentry"],"_links":{"self":[{"href":"https:\/\/primariabalotesti.ro\/index.php\/wp-json\/wp\/v2\/pages\/245"}],"collection":[{"href":"https:\/\/primariabalotesti.ro\/index.php\/wp-json\/wp\/v2\/pages"}],"about":[{"href":"https:\/\/primariabalotesti.ro\/index.php\/wp-json\/wp\/v2\/types\/page"}],"author":[{"embeddable":true,"href":"https:\/\/primariabalotesti.ro\/index.php\/wp-json\/wp\/v2\/users\/1"}],"replies":[{"embeddable":true,"href":"https:\/\/primariabalotesti.ro\/index.php\/wp-json\/wp\/v2\/comments?post=245"}],"version-history":[{"count":39,"href":"https:\/\/primariabalotesti.ro\/index.php\/wp-json\/wp\/v2\/pages\/245\/revisions"}],"predecessor-version":[{"id":2958,"href":"https:\/\/primariabalotesti.ro\/index.php\/wp-json\/wp\/v2\/pages\/245\/revisions\/2958"}],"wp:attachment":[{"href":"https:\/\/primariabalotesti.ro\/index.php\/wp-json\/wp\/v2\/media?parent=245"}],"curies":[{"name":"wp","href":"https:\/\/api.w.org\/{rel}","templated":true}]}}