{"id":265,"date":"2018-07-18T11:28:40","date_gmt":"2018-07-18T11:28:40","guid":{"rendered":"http:\/\/primariabalotesti.ro\/?page_id=265"},"modified":"2021-07-12T07:54:18","modified_gmt":"2021-07-12T07:54:18","slug":"proiecte-investitionale","status":"publish","type":"page","link":"https:\/\/primariabalotesti.ro\/index.php\/proiecte-investitionale\/","title":{"rendered":"Proiecte investi\u021bionale"},"content":{"rendered":"<p>[vc_row][vc_column][vc_column_text]Modernizare \u015fi reabilitare drumuri<br \/>\nExtinderea re\u0163elei de canalizare &#8211; sta\u0163ii de epurare<br \/>\nExtinderea re\u0163elei de alimentare cu ap\u0103<br \/>\nExtinderea re\u0163elei electrice \u015fi re\u0163elei de iluminat public<br \/>\nAmenajare spa\u0163ii verzi &#8211; parc \u015fi locuri de joac\u0103 pentru copii<br \/>\nModernizare \u015fi asfaltare drumuri \u00een satul S\u0103ftica<br \/>\nModernizare, asfaltare \u015fi canalizare re\u0163ea de ap\u0103 \u00een satul Balote\u015fti[\/vc_column_text][\/vc_column][\/vc_row]<\/p>\n","protected":false},"excerpt":{"rendered":"<p>[vc_row][vc_column][vc_column_text]Modernizare \u015fi reabilitare drumuri Extinderea re\u0163elei de canalizare &#8211; sta\u0163ii de epurare Extinderea re\u0163elei de alimentare cu ap\u0103 Extinderea re\u0163elei electrice \u015fi re\u0163elei de iluminat public Amenajare spa\u0163ii verzi &#8211; [&hellip;]<\/p>\n","protected":false},"author":1,"featured_media":0,"parent":0,"menu_order":0,"comment_status":"closed","ping_status":"closed","template":"","meta":{"footnotes":""},"class_list":["post-265","page","type-page","status-publish","hentry"],"_links":{"self":[{"href":"https:\/\/primariabalotesti.ro\/index.php\/wp-json\/wp\/v2\/pages\/265"}],"collection":[{"href":"https:\/\/primariabalotesti.ro\/index.php\/wp-json\/wp\/v2\/pages"}],"about":[{"href":"https:\/\/primariabalotesti.ro\/index.php\/wp-json\/wp\/v2\/types\/page"}],"author":[{"embeddable":true,"href":"https:\/\/primariabalotesti.ro\/index.php\/wp-json\/wp\/v2\/users\/1"}],"replies":[{"embeddable":true,"href":"https:\/\/primariabalotesti.ro\/index.php\/wp-json\/wp\/v2\/comments?post=265"}],"version-history":[{"count":2,"href":"https:\/\/primariabalotesti.ro\/index.php\/wp-json\/wp\/v2\/pages\/265\/revisions"}],"predecessor-version":[{"id":1596,"href":"https:\/\/primariabalotesti.ro\/index.php\/wp-json\/wp\/v2\/pages\/265\/revisions\/1596"}],"wp:attachment":[{"href":"https:\/\/primariabalotesti.ro\/index.php\/wp-json\/wp\/v2\/media?parent=265"}],"curies":[{"name":"wp","href":"https:\/\/api.w.org\/{rel}","templated":true}]}}