{"id":2805,"date":"2025-01-20T15:06:31","date_gmt":"2025-01-20T15:06:31","guid":{"rendered":"https:\/\/primariabalotesti.ro\/?page_id=2805"},"modified":"2025-01-20T15:14:12","modified_gmt":"2025-01-20T15:14:12","slug":"panouri","status":"publish","type":"page","link":"https:\/\/primariabalotesti.ro\/index.php\/panouri\/","title":{"rendered":"Panouri"},"content":{"rendered":"\t\t<div data-elementor-type=\"wp-page\" data-elementor-id=\"2805\" class=\"elementor elementor-2805\">\n\t\t\t\t\t\t<section class=\"elementor-section elementor-top-section elementor-element elementor-element-3d677ec elementor-section-boxed elementor-section-height-default elementor-section-height-default\" data-id=\"3d677ec\" data-element_type=\"section\">\n\t\t\t\t\t\t<div class=\"elementor-container elementor-column-gap-default\">\n\t\t\t\t\t<div class=\"elementor-column elementor-col-100 elementor-top-column elementor-element elementor-element-69acc74\" data-id=\"69acc74\" data-element_type=\"column\">\n\t\t\t<div class=\"elementor-widget-wrap elementor-element-populated\">\n\t\t\t\t\t\t<div class=\"elementor-element elementor-element-d026721 elementor-widget elementor-widget-spacer\" data-id=\"d026721\" data-element_type=\"widget\" data-widget_type=\"spacer.default\">\n\t\t\t\t<div class=\"elementor-widget-container\">\n\t\t\t\t\t<div class=\"elementor-spacer\">\n\t\t\t<div class=\"elementor-spacer-inner\"><\/div>\n\t\t<\/div>\n\t\t\t\t<\/div>\n\t\t\t\t<\/div>\n\t\t\t\t\t<\/div>\n\t\t<\/div>\n\t\t\t\t\t<\/div>\n\t\t<\/section>\n\t\t\t\t<section class=\"elementor-section elementor-top-section elementor-element elementor-element-43a6481 elementor-section-boxed elementor-section-height-default elementor-section-height-default\" data-id=\"43a6481\" data-element_type=\"section\">\n\t\t\t\t\t\t<div class=\"elementor-container elementor-column-gap-default\">\n\t\t\t\t\t<div class=\"elementor-column elementor-col-100 elementor-top-column elementor-element elementor-element-d6836f1\" data-id=\"d6836f1\" data-element_type=\"column\">\n\t\t\t<div class=\"elementor-widget-wrap elementor-element-populated\">\n\t\t\t\t\t\t<div class=\"elementor-element elementor-element-8d33c26 elementor-widget elementor-widget-heading\" data-id=\"8d33c26\" data-element_type=\"widget\" data-widget_type=\"heading.default\">\n\t\t\t\t<div class=\"elementor-widget-container\">\n\t\t\t<h2 class=\"elementor-heading-title elementor-size-default\">*Panouri fotovoltaice gratuite prin programul RePowerEU*<\/h2>\t\t<\/div>\n\t\t\t\t<\/div>\n\t\t\t\t\t<\/div>\n\t\t<\/div>\n\t\t\t\t\t<\/div>\n\t\t<\/section>\n\t\t\t\t<section class=\"elementor-section elementor-top-section elementor-element elementor-element-67f2307 elementor-section-content-bottom elementor-section-boxed elementor-section-height-default elementor-section-height-default\" data-id=\"67f2307\" data-element_type=\"section\">\n\t\t\t\t\t\t<div class=\"elementor-container elementor-column-gap-default\">\n\t\t\t\t\t<div class=\"elementor-column elementor-col-33 elementor-top-column elementor-element elementor-element-10aa3fa\" data-id=\"10aa3fa\" data-element_type=\"column\">\n\t\t\t<div class=\"elementor-widget-wrap elementor-element-populated\">\n\t\t\t\t\t\t<div class=\"elementor-element elementor-element-e403dc6 elementor-widget elementor-widget-image\" data-id=\"e403dc6\" data-element_type=\"widget\" data-widget_type=\"image.default\">\n\t\t\t\t<div class=\"elementor-widget-container\">\n\t\t\t\t\t\t\t\t\t\t\t\t\t<img fetchpriority=\"high\" decoding=\"async\" width=\"900\" height=\"900\" src=\"https:\/\/primariabalotesti.ro\/wp-content\/uploads\/2025\/01\/panouri-1024x1024.jpeg\" class=\"attachment-large size-large wp-image-2803\" alt=\"\" srcset=\"https:\/\/primariabalotesti.ro\/wp-content\/uploads\/2025\/01\/panouri-1024x1024.jpeg 1024w, https:\/\/primariabalotesti.ro\/wp-content\/uploads\/2025\/01\/panouri-300x300.jpeg 300w, https:\/\/primariabalotesti.ro\/wp-content\/uploads\/2025\/01\/panouri-150x150.jpeg 150w, https:\/\/primariabalotesti.ro\/wp-content\/uploads\/2025\/01\/panouri-768x768.jpeg 768w, https:\/\/primariabalotesti.ro\/wp-content\/uploads\/2025\/01\/panouri.jpeg 1080w\" sizes=\"(max-width: 900px) 100vw, 900px\" \/>\t\t\t\t\t\t\t\t\t\t\t\t\t<\/div>\n\t\t\t\t<\/div>\n\t\t\t\t\t<\/div>\n\t\t<\/div>\n\t\t\t\t<div class=\"elementor-column elementor-col-66 elementor-top-column elementor-element elementor-element-8381595\" data-id=\"8381595\" data-element_type=\"column\">\n\t\t\t<div class=\"elementor-widget-wrap elementor-element-populated\">\n\t\t\t\t\t\t<div class=\"elementor-element elementor-element-658d59c elementor-widget elementor-widget-text-editor\" data-id=\"658d59c\" data-element_type=\"widget\" data-widget_type=\"text-editor.default\">\n\t\t\t\t<div class=\"elementor-widget-container\">\n\t\t\t\t\t\t\t<p>Avem ve\u0219ti bune! Programul *RePowerEU, care v\u0103 permite s\u0103 beneficia\u021bi gratuit de montarea panourilor fotovoltaice \u0219i a bateriilor de stocare, a fost **prelungit*.<\/p><p>Mai mult, au fost ad\u0103ugate noi categorii de beneficiari, inclusiv *pensionarii*.<\/p><p>\ud83c\udfaf *Condi\u021bii necesare pentru a aplica:* <br \/>\u2022\u2060 \u2060S\u0103 fi\u021bi *proprietar* sau *coproprietar*; <br \/>\u2022\u2060 \u2060Taxele locale s\u0103 fie achitate *la zi*.<\/p><p>\ud83d\udcc5 *Program pentru completarea dosarelor:* <br \/>V\u0103 a\u0219tept\u0103m la sediul Prim\u0103riei din *S\u0103ftica, Calea Bucure\u0219ti nr. 89, \u00eentre orele **9:00 \u2013 16:00*, \u00een urm\u0103toarele zile: <br \/>\u2022\u2060 \u2060*Luni, 20 ianuarie* <br \/>\u2022\u2060 \u2060*Mar\u021bi, 21 ianuarie* <br \/>\u2022\u2060 \u2060*Miercuri, 22 ianuarie*<\/p><p>\u2139\ufe0f Beneficiarii care au semnat deja contractele sunt ruga\u021bi s\u0103 se prezinte pentru actualizarea acestora, \u00een conformitate cu firma care va efectua lucr\u0103rile de execu\u021bie.<\/p><p>\ud83d\udccc *Aten\u021bie!* Persoanele de pe <strong><a title=\"\" href=\"https:\/\/primariabalotesti.ro\/wp-content\/uploads\/2025\/01\/panouri balotesti.xlsx\" target=\"_blank\" rel=\"noopener\" data-wplink-url-error=\"true\">lista<\/a><\/strong> ata\u0219at\u0103, care nu doresc s\u0103 beneficieze de acest program, sunt rugate s\u0103 anun\u021be anularea beneficiului, sun\u00e2nd la num\u0103rul *0734 327 777*.<\/p><p>V\u0103 mul\u021bumim \u0219i v\u0103 a\u0219tept\u0103m pentru definitivarea contractelor!<\/p><p>\ud83d\udca1 Investim \u00eempreun\u0103 \u00een viitorul nostru verde! \ud83c\udf3f<\/p>\t\t\t\t\t\t<\/div>\n\t\t\t\t<\/div>\n\t\t\t\t\t<\/div>\n\t\t<\/div>\n\t\t\t\t\t<\/div>\n\t\t<\/section>\n\t\t\t\t<\/div>\n\t\t","protected":false},"excerpt":{"rendered":"<p>*Panouri fotovoltaice gratuite prin programul RePowerEU* Avem ve\u0219ti bune! Programul *RePowerEU, care v\u0103 permite s\u0103 beneficia\u021bi gratuit de montarea panourilor fotovoltaice \u0219i a bateriilor de stocare, a fost **prelungit*. Mai [&hellip;]<\/p>\n","protected":false},"author":1,"featured_media":0,"parent":0,"menu_order":0,"comment_status":"closed","ping_status":"closed","template":"elementor_header_footer","meta":{"footnotes":""},"class_list":["post-2805","page","type-page","status-publish","hentry"],"_links":{"self":[{"href":"https:\/\/primariabalotesti.ro\/index.php\/wp-json\/wp\/v2\/pages\/2805"}],"collection":[{"href":"https:\/\/primariabalotesti.ro\/index.php\/wp-json\/wp\/v2\/pages"}],"about":[{"href":"https:\/\/primariabalotesti.ro\/index.php\/wp-json\/wp\/v2\/types\/page"}],"author":[{"embeddable":true,"href":"https:\/\/primariabalotesti.ro\/index.php\/wp-json\/wp\/v2\/users\/1"}],"replies":[{"embeddable":true,"href":"https:\/\/primariabalotesti.ro\/index.php\/wp-json\/wp\/v2\/comments?post=2805"}],"version-history":[{"count":16,"href":"https:\/\/primariabalotesti.ro\/index.php\/wp-json\/wp\/v2\/pages\/2805\/revisions"}],"predecessor-version":[{"id":2822,"href":"https:\/\/primariabalotesti.ro\/index.php\/wp-json\/wp\/v2\/pages\/2805\/revisions\/2822"}],"wp:attachment":[{"href":"https:\/\/primariabalotesti.ro\/index.php\/wp-json\/wp\/v2\/media?parent=2805"}],"curies":[{"name":"wp","href":"https:\/\/api.w.org\/{rel}","templated":true}]}}