{"id":422,"date":"2018-07-21T13:47:54","date_gmt":"2018-07-21T13:47:54","guid":{"rendered":"http:\/\/primariabalotesti.ro\/?page_id=422"},"modified":"2018-07-21T13:48:34","modified_gmt":"2018-07-21T13:48:34","slug":"caini-fara-stapan","status":"publish","type":"page","link":"https:\/\/primariabalotesti.ro\/index.php\/caini-fara-stapan\/","title":{"rendered":"C\u00e2ini f\u0103r\u0103 st\u0103p\u00e2n"},"content":{"rendered":"","protected":false},"excerpt":{"rendered":"","protected":false},"author":1,"featured_media":0,"parent":0,"menu_order":0,"comment_status":"closed","ping_status":"closed","template":"","meta":{"footnotes":""},"class_list":["post-422","page","type-page","status-publish","hentry"],"_links":{"self":[{"href":"https:\/\/primariabalotesti.ro\/index.php\/wp-json\/wp\/v2\/pages\/422"}],"collection":[{"href":"https:\/\/primariabalotesti.ro\/index.php\/wp-json\/wp\/v2\/pages"}],"about":[{"href":"https:\/\/primariabalotesti.ro\/index.php\/wp-json\/wp\/v2\/types\/page"}],"author":[{"embeddable":true,"href":"https:\/\/primariabalotesti.ro\/index.php\/wp-json\/wp\/v2\/users\/1"}],"replies":[{"embeddable":true,"href":"https:\/\/primariabalotesti.ro\/index.php\/wp-json\/wp\/v2\/comments?post=422"}],"version-history":[{"count":1,"href":"https:\/\/primariabalotesti.ro\/index.php\/wp-json\/wp\/v2\/pages\/422\/revisions"}],"predecessor-version":[{"id":423,"href":"https:\/\/primariabalotesti.ro\/index.php\/wp-json\/wp\/v2\/pages\/422\/revisions\/423"}],"wp:attachment":[{"href":"https:\/\/primariabalotesti.ro\/index.php\/wp-json\/wp\/v2\/media?parent=422"}],"curies":[{"name":"wp","href":"https:\/\/api.w.org\/{rel}","templated":true}]}}