{"id":483,"date":"2018-07-22T16:38:59","date_gmt":"2018-07-22T16:38:59","guid":{"rendered":"http:\/\/primariabalotesti.ro\/?page_id=483"},"modified":"2018-07-22T16:41:19","modified_gmt":"2018-07-22T16:41:19","slug":"integrare-europeana","status":"publish","type":"page","link":"https:\/\/primariabalotesti.ro\/index.php\/integrare-europeana\/","title":{"rendered":"Integrare European\u0103"},"content":{"rendered":"<p><strong>Documente Integrare Europeana<br \/>\n<\/strong><\/p>\n<ul>\n<li><a href=\"http:\/\/primariabalotesti.ro\/wp-content\/uploads\/2014\/03\/Agricultura_-_10+2_intrebari_despre_agricultura_si_dezvoltare_rurala.pdf\" target=\"_blank\">Agricultura &#8211; 10+2 intrebari despre agricultura si dezvoltare rurala<\/a><\/li>\n<li><a href=\"http:\/\/primariabalotesti.ro\/wp-content\/uploads\/2014\/03\/Agricultura_-_Politica_Agricola_Comuna.pdf\" target=\"_blank\">Agricultura &#8211; Politica Agricola Comuna<\/a><\/li>\n<li><a href=\"http:\/\/primariabalotesti.ro\/wp-content\/uploads\/2014\/03\/Agricultura_-_Sectorul_Agricol_in_Uniunea_Europeana_-_in_pas_cu_timpul.pdf\" target=\"_blank\">Agricultura &#8211; Sectorul Agricol in Uniunea Europeana &#8211; in pas cu timpul<\/a><\/li>\n<li><a href=\"http:\/\/primariabalotesti.ro\/wp-content\/uploads\/2014\/03\/Informare_-_10_intrebari_despre_aderarea_Romaniei_la_Uniunea_Europeana.pdf\" target=\"_blank\">Informare &#8211; 10 intrebari despre aderarea Romaniei la Uniunea Europeana<\/a><\/li>\n<li><a href=\"http:\/\/primariabalotesti.ro\/wp-content\/uploads\/2014\/03\/Informare_-_10_intrebari_despre_beneficii_si_costuri_ale_aderarii_Romaniei_la_UE.pdf\" target=\"_blank\">Informare &#8211; 10 intrebari despre beneficii si costuri ale aderarii Romaniei la UE<\/a><\/li>\n<li><a href=\"http:\/\/primariabalotesti.ro\/wp-content\/uploads\/2014\/03\/Informare_-_10_intrebari_despre_moneda_EURO.pdf\" target=\"_blank\">Informare &#8211; 10 intrebari despre moneda EURO<\/a><\/li>\n<li><a href=\"http:\/\/primariabalotesti.ro\/wp-content\/uploads\/2014\/03\/Informare_-_ABC-ul_Studentului_European.pdf\" target=\"_blank\">Informare &#8211; ABC-ul Studentului European<\/a><\/li>\n<li><a href=\"http:\/\/primariabalotesti.ro\/wp-content\/uploads\/2014\/03\/Informare_-_Agricultura_Europeana.pdf\" target=\"_blank\">Informare &#8211; Agricultura Europeana<\/a><\/li>\n<li><a href=\"http:\/\/primariabalotesti.ro\/wp-content\/uploads\/2014\/03\/Informare_-_Cetatean_Roman_Cetatean_European.pdf\" target=\"_blank\">Informare &#8211; Cetatean Roman Cetatean European<\/a><\/li>\n<li><a href=\"http:\/\/primariabalotesti.ro\/wp-content\/uploads\/2014\/03\/Informare_-_Comitetul_Economic_si_Social_European_-_CES.pdf\" target=\"_blank\">Informare &#8211; Comitetul Economic si Social European &#8211; CES<\/a><\/li>\n<li><a href=\"http:\/\/primariabalotesti.ro\/wp-content\/uploads\/2014\/03\/Informare_-_europa_in_scoala.pdf\" target=\"_blank\">Informare &#8211; europa in scoala<\/a><\/li>\n<li><a href=\"http:\/\/primariabalotesti.ro\/wp-content\/uploads\/2014\/03\/Informare_-_Intreprinzatori_din_mediul_rural.pdf\" target=\"_blank\">Informare &#8211; Intreprinzatori din mediul rural<\/a><\/li>\n<li><a href=\"http:\/\/primariabalotesti.ro\/wp-content\/uploads\/2014\/03\/Tineri_-_Studentii_si_Uniunea_Europeana.pdf\" target=\"_blank\">Tineri &#8211; Studentii si Uniunea Europeana <\/a><\/li>\n<\/ul>\n<p><strong>POLITICA INDUSTRIAL\u0102 \u015eI COMPETITIVITATEA<\/strong><\/p>\n<p>Principalul obiectiv al politicii industriale a UE este de a-\u015fi consolida competitivitatea pe plan interna\u0163ional, oferind totodat\u0103 clien\u0163ilor s\u0103i produse de calitate la pre\u0163uri competitive, protej\u00e2nd \u00een acela\u015fi timp \u015fi mediul \u00eenconjur\u0103tor.<\/p>\n<p>La semnarea Tratatului de la Roma (1957) se considera c\u0103 existen\u0163a pie\u0163ei unice va regla automat, prin mecanismele ei, produc\u0163ia industrial\u0103 \u015fi desfacerea acesteia pe pia\u0163\u0103. Principala preocupare era de asigurare a unui climat concuren\u0163ial propice cre\u015fterii economice, astfel \u00eenc\u00e2t s\u0103 fie descurajat\u0103 crearea marilor monopoluri na\u0163ionale.<\/p>\n<p>O revizuire a acestei viziuni a ap\u0103rut necesar\u0103 la \u00eenceputul anilor &#8217;80, \u00een fa\u0163a concuren\u0163ei tot mai crescute din partea marilor firme americane \u015fi japoneze. F\u0103r\u0103 a face rabat de la politica sa \u00een domeniul concuren\u0163ei, Comunitatea European\u0103 a \u00eenceput s\u0103 se preocupe de formularea unei politici industriale care s\u0103 \u00eencurajeze parteneriatele \u00eentre firmele europene, s\u0103 promoveze cooperarea \u00een domeniul cercet\u0103rii, pentru cre\u015fterea pe termen lung a competitivit\u0103\u0163ii Comunit\u0103\u0163ii pe pia\u0163a mondial\u0103.<\/p>\n<p>\u201eNu inten\u0163ion\u0103m s\u0103 cre\u0103m un spa\u0163iu economic f\u0103r\u0103 s\u0103 asigur\u0103m complementaritatea \u00eentre efectul benefic al concuren\u0163ei \u015fi o cre\u015ftere a gradului de cooperare \u015fi solidaritate\u201c, spunea Jacques Delors, fost pre\u015fedinte al Comisiei Europene.<\/p>\n<p>\u00cen 1994 Comisia formula cele patru ac\u0163iuni prioritare menite s\u0103 conduc\u0103 la cre\u015fterea competitivit\u0103\u0163ii industriei UE:<br \/>\n1. \u00eembun\u0103t\u0103\u0163irea cadrului regulatoriu<br \/>\n2. asigurarea unei concuren\u0163e eficiente<br \/>\n3. promovarea investi\u0163iilor \u00een domeniile cheie<br \/>\n4. dezvoltarea cooper\u0103rii industriale<\/p>\n<p><strong>\u00ceMBUN\u0102T\u0102\u0162IREA CADRULUI REGULATORIU<\/strong><\/p>\n<p>\u00cembun\u0103t\u0103\u0163irea cadrului regulatoriu are la baz\u0103 linii directoare adoptate la 16 ianuarie 1996.<\/p>\n<p>Acestea vizeaz\u0103:<br \/>\n\u2022 consolidarea, actualizarea \u015fi simplificarea reglement\u0103rilor existente \u00een industrie<br \/>\n\u2022 desf\u0103\u015furarea unei analize cost-beneficii \u00eenainte de a introduce orice noi reglement\u0103ri<br \/>\n\u2022 luarea \u00een calcul a factorilor de risc legat de s\u0103n\u0103tatea public\u0103 sau de protec\u0163ia mediului<br \/>\n\u2022 orice nou\u0103 reglementare trebuie s\u0103 fie simpl\u0103, ieftin\u0103 \u015fi \u00een interesul s\u0103n\u0103t\u0103\u0163ii publice \u015fi al protec\u0163iei mediului.<\/p>\n<p><strong>ASIGURAREA UNEI CONCUREN\u0162E EFICIENTE<\/strong><\/p>\n<p>Sf\u00e2r\u015fitul anilor &#8217;90 aduce schimb\u0103ri \u00een politica concuren\u0163ial\u0103 a Uniunii Europene. Cele mai semnificative sunt propunerile de liberalizare a unor monopoluri de stat, cum ar fi cele din sectoarele: po\u015ft\u0103-telecomunica\u0163ii, energie, etc. De\u015fi func\u0163ia social\u0103 a acestor servicii este evident\u0103, nu se mai justific\u0103 monopolul de stat asupra lor atunci c\u00e2nd aceast\u0103 pozi\u0163ie dominant\u0103 duce la costuri foarte ridicate pentru popula\u0163ie \u015fi la pierderi de productivitate \u00een sectoarele respective.<\/p>\n<p>Consiliul de Mini\u015ftri a mandatat Comisia s\u0103 urm\u0103reasc\u0103 punerea \u00een practic\u0103 a calendarului de liberalizare a telecomunica\u0163iilor, astfel \u00eenc\u00e2t p\u00een\u0103 la sf\u00e2r\u015fitul lui 1998 s\u0103 se ajung\u0103 la o deplin\u0103 liber\u0103 concuren\u0163\u0103 \u00een acest domeniu.<\/p>\n<p>Liberalizarea serviciilor po\u015ftale se face foarte \u00eencet, \u00eentruc\u00e2t lipse\u015fte consensul necesar \u00eentre statele membre. Aceasta se datoreaz\u0103 \u00een parte rolului cheie pe care aceste servicii \u00eel joac\u0103 mai ales \u00een comunit\u0103\u0163ile rurale ale Uniunii Europene.<\/p>\n<p>\u00cen sectorul energiei, obiectivul este crearea unei pie\u0163e unice care s\u0103 asigure transparen\u0163a, eficien\u0163a, siguran\u0163a, concuren\u0163a \u015fi respectul pentru mediul \u00eenconjur\u0103tor.<\/p>\n<p><strong>PROMOVAREA INVESTI\u0162IILOR \u00ceN DOMENIILE CHEIE<\/strong><\/p>\n<p>Competitivitatea unei firme \u00een ajunul secolului 21 depinde tot mai mult de puterea sa de inova\u0163ie \u00een ceea ce prive\u015fte procesele de munc\u0103, organizarea muncii \u015fi diseminarea rapid\u0103 a noilor tehnologii. De aceea, investi\u0163iile \u00een cercetare-dezvoltare, proprietatea intelectual\u0103, specializarea for\u0163ei de munc\u0103, asigurarea s\u0103n\u0103t\u0103\u0163ii \u015fi siguran\u0163ei la locul de munc\u0103, procesarea datelor etc., devin domenii cheie ale viitorului. Se prevede formularea \u015fi implementarea unor strategii specifice de dezvoltare a unor industrii precum electronica, informatica, biotehnologia, textilele.<\/p>\n<p><strong>COOPERAREA \u00ceN DOMENIUL CERCET\u0102RII \u015eTIIN\u0162IFICE<\/strong><\/p>\n<p>Fa\u0163\u0103 \u00een fa\u0163\u0103 cu competitorii americani \u015fi japonezi, Comunitatea European\u0103 a trebuit s\u0103-\u015fi dezvolte o politic\u0103 de cercetare-dezvoltare care s\u0103-i permit\u0103 men\u0163inerea competitivit\u0103\u0163ii interna\u0163ionale. Uniunea European\u0103 sprijin\u0103 parteneriatele \u00eentre cercet\u0103torii, laboratoarele \u015fi mediul de afaceri din diferitele state membre. Cooperarea la nivel european este o condi\u0163ie a finan\u0163\u0103rii de care acestea pot beneficia \u00een cadrul numeroaselor programe comunitare create anume. Subven\u0163iile comunitare acoper\u0103 de regul\u0103 50% din costul proiectelor.<\/p>\n<p>Aceste programe sprijin\u0103 mobilizarea resurselor umane, financiare \u015fi tehnologice necesare cooper\u0103rii \u00een domeniul cercet\u0103rii. Ele ofer\u0103 de asemenea stimulente \u00eentreprinderilor mici pentru a participa \u00een programe de cercetare-dezvoltare:<br \/>\n\u2022 finan\u0163area studiilor de fezabilitate pentru determinarea beneficiilor particip\u0103rii la programe de cercetare;<br \/>\n\u2022 sprijinirea \u00eentreprinderilor, \u00een special a celor mici, \u00een valorificarea maxim\u0103 a rezultatelor cercet\u0103rii (programul Value);<br \/>\n\u2022 facilitarea transferului de tehnologie \u00eentre firmele europene (prin programul Sprint);<br \/>\n\u2022 \u00eencurajarea firmelor mici \u00een \u00eemp\u0103r\u0163irea costurilor legate de contractarea cercet\u0103rilor de care au nevoie (programul Craft).<br \/>\n\u2022 sprijinirea designului de produse noi, ce pot fi plasate rapid pe pia\u0163\u0103 (programul Eureka).<\/p>\n<p>Domeniile prioritare ale programelor comunitare de cercetare-dezvoltare sunt: tehnologia informa\u0163iilor \u015fi comunic\u0103rii, tehnologia industrial\u0103 \u015fi a materialelor, mediul \u00eenconjur\u0103tor, energia, resursele umane \u015fi mobilitatea acestora.<\/p>\n<p>Un rol deosebit revine protec\u0163iei propriet\u0103\u0163ii intelectuale, prin sistemul patentelor, care permite firmelor s\u0103-\u015fi recupereze investi\u0163iile \u00een cercetare-dezvoltare.<\/p>\n<p><strong>DEZVOLTAREA COOPER\u0102RII INDUSTRIALE<\/strong><\/p>\n<p>Comunitatea European\u0103 a creat cadrul legal \u015fi mecanismele de sprijinire a cooper\u0103rii \u00eentre firme din diferitele sale state membre. O aten\u0163ie deosebit\u0103 se acord\u0103 \u00eentreprinderilor mici \u015fi mijlocii (IMM) care sunt mai ezitante \u00een \u00eembarcarea \u00een cooper\u0103ri care s\u0103 dep\u0103\u015feasc\u0103 grani\u0163ele statului unde sunt \u00eenregistrate. Ele reprezint\u0103 \u00eens\u0103 99% din num\u0103rul firmelor \u00eenregistrate \u00een UE, oferind 70% din locurile de munc\u0103 existente \u00een sectorul particular.<\/p>\n<p>Gruparea European\u0103 a Interesului Economic este o structur\u0103 legal\u0103, creat\u0103 \u00een iulie 1989 \u015fi recunoscut\u0103 de toate statele membre. Ea are rolul de a facilita cooperarea pe proiecte, a partenerilor din mai multe state membre, \u00een domenii precum cercetarea-dezvoltarea, aprovizionarea, producerea \u015fi desfacerea produselor de diferite tipuri. La aceast\u0103 grupare se poate afilia orice firm\u0103 public\u0103 sau privat\u0103, ce dore\u015fte s\u0103 beneficieze de avantajele punerii \u015fi folosirii \u00een comun a resurselor umane \u015fi financiare.<\/p>\n<p>Centrul de Cooperare \u00een Afaceri este o alt\u0103 structur\u0103 ce se ocup\u0103 de difuzarea informa\u0163iilor privind propunerile de cooperare \u00eenaintate de firme mici din mai toate ramurile industriale.<\/p>\n<p>Re\u0163eaua Cooper\u0103rii \u00een Afaceri pune \u00een leg\u0103tur\u0103 consultan\u0163ii pe probleme de cooperare din statele membre. Sute de oferte \u015fi cereri de cooperare se \u00eent\u00e2lnesc \u015fi \u00ee\u015fi g\u0103sesc solu\u0163ionare prin intermediul acestei re\u0163ele.<\/p>\n<p>Programul Europarteneriat organizeaz\u0103 de dou\u0103 ori pe an \u00eent\u00e2lniri directe \u00eentre conduc\u0103tori de firme. Scopul programului este de a \u00eencuraja cooperarea \u015fi de a promova \u00een\u0163elegeri de afaceri \u00eentre IMM-uri din regiuni mai pu\u0163in dezvoltate ale UE \u015fi firme din alte \u0163\u0103ri europene sau mediteraneene.<\/p>\n<p><strong>POLITICA \u00ceN DOMENIUL CONCUREN\u0162EI<\/strong><\/p>\n<p>Una din cheile succesului integr\u0103rii europene a Europei Occidentale o constituie existen\u0163a, \u00eenc\u0103 de la \u00eenceputurile construc\u0163iei comunitare, a unei politici concuren\u0163iale comune. Dup\u0103 mai bine de 30 de ani de func\u0163ionare, aceast\u0103 politic\u0103 continu\u0103 s\u0103 fie o condi\u0163ie necesar\u0103 at\u00e2t unei economii de pia\u0163\u0103 viabile, c\u00e2t \u015fi unei pie\u0163e comune ce asigur\u0103 libera mi\u015fcare a bunurilor, serviciilor, capitalului \u015fi persoanelor.<\/p>\n<p>Principalul beneficiar al unei politici a liberei concuren\u0163e este cet\u0103\u0163eanul, \u00een tripla sa calitate: de consumator (concuren\u0163a liber\u0103 conduce la o palet\u0103 mai larg\u0103 a ofertei, cu sc\u0103derea corespunz\u0103toare a pre\u0163ului de v\u00e2nzare); de participant pe pia\u0163a for\u0163ei de munc\u0103 (concuren\u0163a liber\u0103 oblig\u0103 la inova\u0163ie continu\u0103, at\u00e2t a produselor, c\u00e2t \u015fi a procesului de produc\u0163ie); \u015fi de ac\u0163ionar (concuren\u0163a liber\u0103 conduce la eficien\u0163\u0103 crescut\u0103, \u015fi deci \u015fi la profituri ridicate).<\/p>\n<p>Politica \u00een domeniul concuren\u0163ei interzice practicile de:<br \/>\n&#8211; acordare de ajutoare publice care creaz\u0103 distorsiuni \u00een rela\u0163iile de concuren\u0163\u0103 dintre agen\u0163ii economici<br \/>\n&#8211; stabilire a pre\u0163urilor prin \u00een\u0163elegeri prealabile \u00eentre produc\u0103tori sau furnizori;<br \/>\n&#8211; creare de carteluri care s\u0103-\u015fi \u00eempart\u0103 pia\u0163a, astfel \u00eenc\u00e2t s\u0103 nu se concureze \u00eentre ele;<br \/>\n&#8211; abuz al pozi\u0163iei dominante pe pia\u0163\u0103;<br \/>\n&#8211; realizare de fuziuni care distorsioneaz\u0103 libera concuren\u0163\u0103.<\/p>\n<p>Baza legal\u0103 a acestor prohibi\u0163ii se reg\u0103se\u015fte \u00een Tratatul de la Roma:<\/p>\n<p>\u2022 art. 85 \u015fi 86 interzic orice \u00een\u0163elegeri \u00eentre \u00eentreprinderi, care ar afecta libera concuren\u0163\u0103 \u00een interiorul pie\u0163ei comune, cum ar fi:<br \/>\n\u2022 \u00eemp\u0103r\u0163irea pie\u0163ei, a canalelor de aprovizionare sau distribu\u0163ie<br \/>\n\u2022 aplicarea de condi\u0163ii inegale la parteneri ce presteaz\u0103 servicii echivalente<br \/>\n\u2022 condi\u0163ionarea \u00eencheierii de contracte de presta\u0163ii suplimentare, ce nu au leg\u0103tur\u0103 cu obiectul contractelor<br \/>\n\u2022 impunerea de pre\u0163uri sau alte condi\u0163ii de comercializare neechitabile<br \/>\n\u2022 limitarea produc\u0163iei, distribu\u0163iei sau dezvolt\u0103rii tehnice, cu afectarea intereselor consumatorilor<br \/>\n\u2022 art. 90 interzice abuzul pozi\u0163iilor dominante de\u0163inute de unii operatori pe pia\u0163\u0103. Acestea se pot traduce fie \u00een dictarea condi\u0163iilor de tranzac\u0163ie, fie \u00een \u00eempiedicarea p\u0103trunderii altor competitori pe pia\u0163\u0103<br \/>\n\u2022 art. 92 (1), articolul antisubven\u0163ii, interzice sprijinirea sub orice form\u0103 de c\u0103tre stat sau din resursele statului a unor \u00eentreprinderi sau a unor produse, conduc\u00e2nd astfel la \u00eengr\u0103direa concuren\u0163ei; \u00een paragrafele 2 \u015fi 3, articolul nume\u015fte derog\u0103rile de la aceast\u0103 regul\u0103:<br \/>\n\u2022 subven\u0163ii pe durat\u0103 limitat\u0103 acordate firmelor ce necesit\u0103 restructurarea;<br \/>\n\u2022 subven\u0163ii pentru privatizare;<br \/>\n\u2022 subven\u0163ii pentru sprijinirea unor regiuni r\u0103mase \u00een urm\u0103 din punct de vedere economic \u015fi social, cu grave probleme de \u015fomaj;<br \/>\n\u2022 subven\u0163ii orizontale, pentru sprijinirea cercet\u0103rii-dezvolt\u0103rii;<\/p>\n<p>Pentru atingerea celor dou\u0103 obiective ale politicii concuren\u0163iale, func\u0163ionarea economiei de pia\u0163\u0103 \u015fi func\u0163ionarea pie\u0163ei unice, dou\u0103 condi\u0163ii trebuie \u00eendeplinite:<br \/>\n\u2022 regulile de concuren\u0163\u0103 trebuie aplicate universal, at\u00e2t \u00eentreprinderilor de stat, c\u00e2t \u015fi celor particulare; este de neconceput o pia\u0163\u0103 integrat\u0103 \u00een care s\u0103 existe reguli diferite de concuren\u0163\u0103 \u00eentre cele dou\u0103 tipuri de \u00eentreprinderi;<br \/>\n\u2022 autoritatea de implementare a regulilor concuren\u0163iale trebuie s\u0103 aib\u0103 capacitatea de a impune penalit\u0103\u0163i, const\u00e2nd \u00een amenzi suficient de mari pentru a descuraja \u00eenc\u0103lcarea legii.<\/p>\n<p>Tratatul de la Roma acord\u0103 puteri executive Comisiei Europene. Aceasta adopt\u0103 (cu o majoritate de voturi) decizii cu valoare de lege \u00een toate statele membre, rolul acestora din urm\u0103 fiind numai unul consultativ. \u00cen implementarea acestei politici exist\u0103 o diviziune a muncii \u00eentre Comisia European\u0103 \u015fi Statele Membre. Comisia se ocup\u0103 doar de concentr\u0103rile de mari dimensiuni, \u00een care sunt implicate companii care \u00ee\u015fi desf\u0103\u015foar\u0103 o parte semnificativ\u0103 din activit\u0103\u0163i pe teritoriul mai multor state membre UE.<\/p>\n<p>O parte major\u0103 a politicii concuren\u0163iale este reprezentat\u0103 de monitorizarea concentr\u0103rilor economice. O important\u0103 dezvoltare \u00een acest domeniu a fost introdus\u0103 \u00een 1988 prin propunerea unui cod al fuziunilor, care, printre altele, schimba posibilitatea de ac\u0163iune a Comisiei din \u201ea posteriori\u201c \u00een \u201ea priori\u201c. Conform codului, Comisia trebuie s\u0103 dea un r\u0103spuns \u00een privin\u0163a legalit\u0103\u0163ii unei fuziuni \u00een dou\u0103 luni de la notificarea acesteia, plus cel mult patru luni, c\u00e2nd este nevoie de o anchet\u0103 mai laborioas\u0103.<\/p>\n<p>Comisia are puteri largi de investigare. Personalul ei poate face vizite inopinate la firme suspectate de \u00eenc\u0103lcarea liberei concuren\u0163e, av\u00e2nd acces la toate documentele acestora. Firmele g\u0103site vinovate de practici concuren\u0163iale ilegale (practici concertate sau abuzul pozi\u0163iei dominante) pot primi amenzi de p\u00e2n\u0103 la 10% din fondurile lor (cea mai mare amend\u0103 a fost dat\u0103 \u00een 1992, fiind \u00een valoare de 75 de milioane de ECU). Firmele amendate pot face apel la Curtea de Justi\u0163ie, care poate decide reducerea amenzii.<\/p>\n<p>Confruntat\u0103 cu un caz de \u00een\u0163elegere \u00eentre firme, \u00een\u0163elegere suspect\u0103 de \u00eenc\u0103lcarea liberei concuren\u0163e, Comisia European\u0103 are urm\u0103toarele posibilit\u0103\u0163i:<br \/>\n\u2022 s\u0103 declare \u00een\u0163elegerea legal\u0103, prin decizie formal\u0103, \u00eentruc\u00e2t \u00een urma investiga\u0163iilor a rezultat c\u0103 nu distorsioneaz\u0103 libera concuren\u0163\u0103, sau are efecte sociale, de mediu, etc. care contracareaz\u0103 pierderea \u00een termeni concuren\u0163iali;<br \/>\n\u2022 s\u0103 dea o \u201escrisoare de confort\u201c care permite \u00een\u0163elegerii operarea pe pia\u0163a comunitar\u0103, \u00eentruc\u00e2t sunt opera\u0163ii f\u0103r\u0103 un impact semnificativ, din punct de vedere legal, economic sau politic;<br \/>\n\u2022 s\u0103 accepte opera\u0163iunea de \u00een\u0163elegere numai cu \u00eendeplinirea anumitor condi\u0163ii pentru a garanta respectarea liberei concuren\u0163e;<br \/>\n\u2022 s\u0103 declare \u00een\u0163elegerea ilegal\u0103.<\/p>\n<p>Comisia poate \u00eencepe o anchet\u0103 asupra unei firme\/grup de firme la cererea acestora (pentru a ob\u0163ine aprobarea de operare), \u00een urma unor pl\u00e2ngeri depuse de ter\u0163e p\u0103r\u0163i, sau din proprie ini\u0163iativ\u0103.<\/p>\n<p><strong>LIBERA CONCUREN\u0162\u0102 \u00ceN RELA\u0162IILE UNIUNII EUROPENE CU ROM\u00c2NIA<\/strong><\/p>\n<p>Prevederi legate de asigurarea liberei concuren\u0163e sunt incluse \u015fi \u00een tratatele \u00eencheiate de UE cu ter\u0163e \u0163\u0103ri, \u00een func\u0163ie de volumul comer\u0163ului dintre cele dou\u0103 p\u0103r\u0163i. Tratatele de asociere cu \u0163\u0103rile Europei centrale \u015fi de est (TECE) prev\u0103d crearea pe parcursul unei perioade de 10 ani, a unei zone de comer\u0163 liber pentru produsele industriale, precum \u015fi perspectiva acestor \u0163\u0103ri de a deveni membre ale UE. De aceea ele includ articole despre libera concuren\u0163\u0103, compatibile cu cele existente \u00een legisla\u0163ia UE \u00een domeniu.<\/p>\n<p>\u00cen Acordul European semnat la 1 februarie 1993 \u00eentre Rom\u00e2nia \u015fi Comunitatea European\u0103 \u00een domeniul concuren\u0163ei, se prevede:<br \/>\n\u2022 ajustarea progresiv\u0103 a monopolurilor de stat cu caracter comercial, astfel \u00eenc\u00e2t, cel mai t\u00e2rziu de la 1 ianuarie 1998, s\u0103 nu mai existe discrimin\u0103ri \u00eentre agen\u0163ii economici rom\u00e2ni \u015fi cei din UE cu privire la condi\u0163iile de aprovizionare \u015fi distribuire a m\u0103rfurilor (art. 33);<br \/>\n\u2022 interzicerea oric\u0103ror \u00een\u0163elegeri sau practici concertate \u00eentre \u00eentreprinderi care pot anula, restr\u00e2nge sau distorsiona concuren\u0163a; \u00eempiedicarea exploat\u0103rii abuzive de c\u0103tre una sau mai multe \u00eentreprinderi a unor pozi\u0163ii dominante (de monopol) pe pia\u0163\u0103; interzicerea oric\u0103rui ajutor public care, favoriz\u00e2nd anumite \u00eentreprinderi sau sectoare economice, distorsioneaz\u0103 sau amenin\u0163\u0103 s\u0103 distorsioneze concuren\u0163a (art. 64);<br \/>\n\u2022 asigurarea c\u0103 \u00eentreprinderile de stat sau cele ce se bucur\u0103 de drepturi speciale sau exclusive func\u0163ioneaz\u0103 de o manier\u0103 care s\u0103 nu distorsioneze concuren\u0163a \u015fi s\u0103 nu introduc\u0103 discrimin\u0103ri \u00eentre operatorii economici rom\u00e2ni \u015fi cei comunitari (art. 66).<\/p>\n<p>Prin Acordul European, p\u0103r\u0163ile se oblig\u0103 la completa transparen\u0163\u0103 \u00een privin\u0163a politicii de subven\u0163ionare de stat, printre altele raport\u00e2nd anual celeilalte p\u0103r\u0163i suma total\u0103 a subven\u0163iilor de stat, put\u00e2nd furniza, la cerere, \u015fi informa\u0163ii privind diferite scheme de subven\u0163ionare sau cazuri individuale. Definirea regulilor de implementare a politicii concuren\u0163iale \u00een domeniul subven\u0163iilor de stat constitutie una din priorit\u0103\u0163ile cooper\u0103rii economice dintre Rom\u00e2nia \u015fi UE. TECE sunt obligate s\u0103 preia principiile politicii comunitare, dar \u00ee\u015fi pot crea structurile de monitorizare \u015fi punere \u00een aplicare a acestora care sunt cele mai potrivite lor.<\/p>\n<p>Cartea Alb\u0103 pentru integrarea TECE \u00een Pia\u0163a Unic\u0103 a UE prevede necesitatea existen\u0163ei \u015fi func\u0163ion\u0103rii unei politici concuren\u0163iale \u00een aceste \u0163\u0103ri, pentru ca ele s\u0103 poat\u0103 participa la pia\u0163a unic\u0103. Ea se concentreaz\u0103 pe cele patru componente ale politicii: abuzul pozi\u0163iei dominante pe pia\u0163\u0103, fuzion\u0103rile, subven\u0163iile de stat \u015fi monopolurile sau drepturile speciale, identific\u00e2nd \u00een fiecare din aceste componente m\u0103surile de prim\u0103 etap\u0103, cele de etapa a doua, ce trebuie implementate de \u0163\u0103rile asociate.<\/p>\n<p>Aplicarea de c\u0103tre statele candidate la UE a unei politici concuren\u0163iale compatibile cu cea a UE poate avea efecte benefice \u015fi asupra economiilor \u00een tranzi\u0163ie ale acestor \u0163\u0103ri. O politic\u0103 concuren\u0163ial\u0103 consecvent\u0103 este un sprijin substan\u0163ial adus stabiliz\u0103rii macroeconomice.<\/p>\n<p><strong>Aceast\u0103 bro\u015fur\u0103 este editat\u0103 de c\u0103tre Delega\u0163ia Comisiei Europene \u00een Rom\u00e2nia,<\/strong><br \/>\n<strong> \u00een seria EUROPA de documente \u00een limba rom\u00e2n\u0103.<\/strong><\/p>\n<p><strong>Au mai ap\u0103rut \u00een aceea\u015fi serie:<\/strong><br \/>\n\u2022 Uniunea European\u0103 &#8211; istoric \u015fi institu\u0163ii<br \/>\n\u2022 Pia\u0163a Unic\u0103 a Uniunii Europene<br \/>\n\u2022 Cet\u0103\u0163enii \u015fi Uniunea European\u0103<br \/>\n\u2022 Politica extern\u0103 a Uniunii Europene: Comer\u0163 \u015fi Sprijin pentru Dezvoltare<br \/>\n\u2022 Coeziunea \u015fi dezvoltarea regional\u0103 \u00een Uniunea European\u0103<br \/>\n\u2022 Agricultura \u00een Uniunea European\u0103 &#8211; \u00een pas cu timpul<br \/>\n\u2022 Infrastructura \u015fi politicile comunica\u0163iilor \u00een Uniunea European\u0103<br \/>\n\u2022 Uniunea Economic\u0103 \u015fi Monetar\u0103<br \/>\n\u2022 Protec\u0163ia mediului \u00een Uniunea European\u0103<br \/>\n\u2022 Programul Phare al Uniunii Europene \u00een Rom\u00e2nia<br \/>\n\u2022 Fi\u015fe Phare de sector<\/p>\n<p>Sintez\u0103 Texte: Angela Cristea<br \/>\nReproducerea textelor din aceste materiale este permis\u0103 numai cu specificarea sursei.<\/p>\n<p>Delega\u0163ia Comisiei Europene \u00een Rom\u00e2nia<br \/>\nstr. Grigore Mora 11, Bucure\u015fti<\/p>\n<p>Bucure\u015fti, Rom\u00e2nia, ianuarie 1999<\/p>\n","protected":false},"excerpt":{"rendered":"<p>Documente Integrare Europeana Agricultura &#8211; 10+2 intrebari despre agricultura si dezvoltare rurala Agricultura &#8211; Politica Agricola Comuna Agricultura &#8211; Sectorul Agricol in Uniunea Europeana &#8211; in pas cu timpul Informare [&hellip;]<\/p>\n","protected":false},"author":1,"featured_media":0,"parent":0,"menu_order":0,"comment_status":"closed","ping_status":"closed","template":"","meta":{"footnotes":""},"class_list":["post-483","page","type-page","status-publish","hentry"],"_links":{"self":[{"href":"https:\/\/primariabalotesti.ro\/index.php\/wp-json\/wp\/v2\/pages\/483"}],"collection":[{"href":"https:\/\/primariabalotesti.ro\/index.php\/wp-json\/wp\/v2\/pages"}],"about":[{"href":"https:\/\/primariabalotesti.ro\/index.php\/wp-json\/wp\/v2\/types\/page"}],"author":[{"embeddable":true,"href":"https:\/\/primariabalotesti.ro\/index.php\/wp-json\/wp\/v2\/users\/1"}],"replies":[{"embeddable":true,"href":"https:\/\/primariabalotesti.ro\/index.php\/wp-json\/wp\/v2\/comments?post=483"}],"version-history":[{"count":2,"href":"https:\/\/primariabalotesti.ro\/index.php\/wp-json\/wp\/v2\/pages\/483\/revisions"}],"predecessor-version":[{"id":486,"href":"https:\/\/primariabalotesti.ro\/index.php\/wp-json\/wp\/v2\/pages\/483\/revisions\/486"}],"wp:attachment":[{"href":"https:\/\/primariabalotesti.ro\/index.php\/wp-json\/wp\/v2\/media?parent=483"}],"curies":[{"name":"wp","href":"https:\/\/api.w.org\/{rel}","templated":true}]}}