{"id":571,"date":"2018-07-27T07:17:08","date_gmt":"2018-07-27T07:17:08","guid":{"rendered":"http:\/\/primariabalotesti.ro\/?page_id=571"},"modified":"2018-08-20T12:25:11","modified_gmt":"2018-08-20T12:25:11","slug":"registru-agricol","status":"publish","type":"page","link":"https:\/\/primariabalotesti.ro\/index.php\/registru-agricol\/","title":{"rendered":"Registru Agricol"},"content":{"rendered":"<p>[vc_row][vc_column width=&#8221;1\/2&#8243;][vc_column_text]<span style=\"font-family: 'times new roman', times, serif;\">\u00a0\u00a0\u00a0\u00a0\u00a0\u00a0\u00a0\u00a0 Informare\u00a0<a class=\"ari-fancybox-pdf ari-fancybox\" href=\"http:\/\/primariabalotesti.ro\/wp-content\/uploads\/2018\/07\/registru_agricol\/informare.pdf\" data-src=\"http:\/\/primariabalotesti.ro\/wp-content\/plugins\/ari-fancy-lightbox\/assets\/pdfjs\/web\/viewer.html?file=http%3A%2F%2Fprimariabalotesti.ro%2Fwp-content%2Fuploads%2F2018%2F07%2Fregistru_agricol%2Finformare.pdf\">adresa nr 2810\/26.07.2018<\/a><\/span><br \/>\n<span style=\"font-family: 'times new roman', times, serif;\">Pesta Porcina Africana (PPA)-\u00a0<a class=\"ari-fancybox-pdf ari-fancybox\" href=\"http:\/\/primariabalotesti.ro\/wp-content\/uploads\/2018\/07\/registru_agricol\/PPA%20(organizare)%20procedura%20simplificata%2025.07.2018%20final.pdf\" data-src=\"http:\/\/primariabalotesti.ro\/wp-content\/plugins\/ari-fancy-lightbox\/assets\/pdfjs\/web\/viewer.html?file=http%3A%2F%2Fprimariabalotesti.ro%2Fwp-content%2Fuploads%2F2018%2F07%2Fregistru_agricol%2FPPA%2520(organizare)%2520procedura%2520simplificata%252025.07.2018%2520final.pdf\">organizare<br \/>\n<\/a><a href=\"http:\/\/primariabalotesti.ro\/wp-content\/uploads\/2018\/07\/Anunt Pesta porcina.pdf\">Informare<\/a> DSU Pesta Porcina Africana<br \/>\n&#8211; <a href=\"http:\/\/primariabalotesti.ro\/wp-content\/uploads\/2018\/08\/Planul-de-contingenta-al-Romaniei-pentru-pesta-porcina-africana.pdf\">Planul de contingenta<\/a> al Romaniei pentru pesta porcina africana<br \/>\n<\/span>[\/vc_column_text][\/vc_column][vc_column width=&#8221;1\/2&#8243;][vc_single_image image=&#8221;574&#8243; img_size=&#8221;medium&#8221; onclick=&#8221;link_image&#8221;][\/vc_column][\/vc_row][vc_row][vc_column width=&#8221;1\/2&#8243;][vc_column_text]<span style=\"font-family: times new roman, times, serif;\">\u00a0\u00a0\u00a0\u00a0\u00a0\u00a0\u00a0\u00a0\u00a0 Din cauza focarului de pest\u0103 porcin\u0103 depistat\u0103 la nivelul Comunei Moara Vl\u0103siei, Comuna Balote\u0219ti a intrat \u00een zona de supraveghere delimitat\u0103 \u00een jurul focarului de pest\u0103 porcin\u0103 african\u0103, vor fi luate unele m\u0103suri care cuprind efectuarea recens\u0103m\u00e2ntului tuturor exploata\u021biilor de porcine, precum \u0219i alte m\u0103suri care pot fi vizualizate \u00een materialul aferent.<\/span>[\/vc_column_text][\/vc_column][vc_column width=&#8221;1\/2&#8243;][vc_single_image image=&#8221;749&#8243; img_size=&#8221;medium&#8221; onclick=&#8221;custom_link&#8221; link=&#8221;http:\/\/primariabalotesti.ro\/wp-content\/uploads\/2018\/08\/recesamant-ppa2018.pdf&#8221;][\/vc_column][\/vc_row]<\/p>\n","protected":false},"excerpt":{"rendered":"<p>[vc_row][vc_column width=&#8221;1\/2&#8243;][vc_column_text]\u00a0\u00a0\u00a0\u00a0\u00a0\u00a0\u00a0\u00a0 Informare\u00a0adresa nr 2810\/26.07.2018 Pesta Porcina Africana (PPA)-\u00a0organizare Informare DSU Pesta Porcina Africana &#8211; Planul de contingenta al Romaniei pentru pesta porcina africana [\/vc_column_text][\/vc_column][vc_column width=&#8221;1\/2&#8243;][vc_single_image image=&#8221;574&#8243; img_size=&#8221;medium&#8221; onclick=&#8221;link_image&#8221;][\/vc_column][\/vc_row][vc_row][vc_column width=&#8221;1\/2&#8243;][vc_column_text]\u00a0\u00a0\u00a0\u00a0\u00a0\u00a0\u00a0\u00a0\u00a0 [&hellip;]<\/p>\n","protected":false},"author":1,"featured_media":0,"parent":0,"menu_order":0,"comment_status":"closed","ping_status":"closed","template":"","meta":{"footnotes":""},"class_list":["post-571","page","type-page","status-publish","hentry"],"_links":{"self":[{"href":"https:\/\/primariabalotesti.ro\/index.php\/wp-json\/wp\/v2\/pages\/571"}],"collection":[{"href":"https:\/\/primariabalotesti.ro\/index.php\/wp-json\/wp\/v2\/pages"}],"about":[{"href":"https:\/\/primariabalotesti.ro\/index.php\/wp-json\/wp\/v2\/types\/page"}],"author":[{"embeddable":true,"href":"https:\/\/primariabalotesti.ro\/index.php\/wp-json\/wp\/v2\/users\/1"}],"replies":[{"embeddable":true,"href":"https:\/\/primariabalotesti.ro\/index.php\/wp-json\/wp\/v2\/comments?post=571"}],"version-history":[{"count":15,"href":"https:\/\/primariabalotesti.ro\/index.php\/wp-json\/wp\/v2\/pages\/571\/revisions"}],"predecessor-version":[{"id":753,"href":"https:\/\/primariabalotesti.ro\/index.php\/wp-json\/wp\/v2\/pages\/571\/revisions\/753"}],"wp:attachment":[{"href":"https:\/\/primariabalotesti.ro\/index.php\/wp-json\/wp\/v2\/media?parent=571"}],"curies":[{"name":"wp","href":"https:\/\/api.w.org\/{rel}","templated":true}]}}