{"id":81,"date":"2018-07-12T18:06:18","date_gmt":"2018-07-12T18:06:18","guid":{"rendered":"http:\/\/primariabalotesti.ro\/?page_id=81"},"modified":"2021-05-14T17:55:45","modified_gmt":"2021-05-14T17:55:45","slug":"transport-local","status":"publish","type":"page","link":"https:\/\/primariabalotesti.ro\/index.php\/transport-local\/","title":{"rendered":"Transport Local"},"content":{"rendered":"<p>Transportul local a fost \u00eenfiin\u021bat \u00een anul 2013 printr-o hot\u0103r\u00e2re a Consiliului Local, Hot\u0103r\u00e2rea nr 33\/25 aprilie 2013, privind aprobarea \u00eenfiin\u021b\u0103rii serviciului subven\u021bionat de transport public local de persoane prin curse regulate \u00een comuna Balote\u0219ti.<\/p>\n<p>\u00cenfiin\u021barea serviciului de transport local a pornit de la necesitatea asigur\u0103rii conectivit\u0103\u021bii cu zonele mai greu accesibile din comuna Balote\u0219ti, dup\u0103 ce localitatea a cunoscut o dezvoltare urbanistic\u0103 important\u0103.<\/p>\n<p>Transportul local este asigurat pe trei trasee<\/p>\n<p><strong>Traseul 1<\/strong><\/p>\n<p>Spital \u2013 Facultativ\u0103 \u2013 Oprire \u2013 Gr\u0103dini\u021b\u0103 \u2013 Good Morning \u2013 Prim\u0103rie \u2013 Policlinic\u0103 \u2013 Vatra Neamului \u2013 Prisma \u2013 M\u0103gura (12 km)<\/p>\n<p><strong>Traseul 2<\/strong><\/p>\n<p>Dimieni \u2013 Monument \u2013 Filatur\u0103 \u2013 Facultativ\u0103 \u2013 \u0218coal\u0103 \u2013 Prisma \u2013 M\u0103gura (8 km)<\/p>\n<table border=\"1\">\n<tbody>\n<tr>\n<td style=\"text-align: center;\" colspan=\"2\">LUNI \/ VINERI<\/td>\n<td style=\"text-align: center;\" colspan=\"2\">S\u00c2MB\u0102T\u0102 \/ DUMINIC\u0102<\/td>\n<\/tr>\n<tr>\n<td style=\"text-align: center;\"><strong>Plecare de la<\/strong><br \/>\n<strong>Spital si<\/strong><br \/>\n<strong>Dimieni<\/strong><\/td>\n<td style=\"text-align: center;\"><strong>Plecare de la<\/strong><br \/>\n<strong>Magura<\/strong><\/td>\n<td style=\"text-align: center;\"><strong>Plecare de la<\/strong><br \/>\n<strong>Spital si<\/strong><br \/>\n<strong>Dimieni<\/strong><\/td>\n<td style=\"text-align: center;\"><strong>Plecare de la<\/strong><br \/>\n<strong>Magura<\/strong><\/td>\n<\/tr>\n<tr>\n<td style=\"text-align: center;\">5:10<\/td>\n<td style=\"text-align: center;\">5:35<\/td>\n<td style=\"text-align: center;\">5:30<\/td>\n<td style=\"text-align: center;\">5:50<\/td>\n<\/tr>\n<tr>\n<td style=\"text-align: center;\">5:55<\/td>\n<td style=\"text-align: center;\">6:15<\/td>\n<td style=\"text-align: center;\" rowspan=\"2\">6:20<\/td>\n<td style=\"text-align: center;\" rowspan=\"2\">7:30<\/td>\n<\/tr>\n<tr>\n<td style=\"text-align: center;\">6:40<\/td>\n<td style=\"text-align: center;\">7:10<\/td>\n<\/tr>\n<tr>\n<td style=\"text-align: center;\">7:30<\/td>\n<td style=\"text-align: center;\">8:00<\/td>\n<td style=\"text-align: center;\">8:00<\/td>\n<td style=\"text-align: center;\">8:30<\/td>\n<\/tr>\n<tr>\n<td style=\"text-align: center;\">8:30<\/td>\n<td style=\"text-align: center;\">9:00<\/td>\n<td style=\"text-align: center;\" rowspan=\"2\">9:50<\/td>\n<td style=\"text-align: center;\" rowspan=\"2\">10:20<\/td>\n<\/tr>\n<tr>\n<td style=\"text-align: center;\">9:20<\/td>\n<td style=\"text-align: center;\">9:50<\/td>\n<\/tr>\n<tr>\n<td style=\"text-align: center;\">10:30<\/td>\n<td style=\"text-align: center;\">11:00<\/td>\n<td style=\"text-align: center;\">11:30<\/td>\n<td style=\"text-align: center;\">12:00<\/td>\n<\/tr>\n<tr>\n<td style=\"text-align: center;\">11:45<\/td>\n<td style=\"text-align: center;\">12:10<\/td>\n<td style=\"text-align: center;\" rowspan=\"2\">13:10<\/td>\n<td style=\"text-align: center;\" rowspan=\"2\">13:40<\/td>\n<\/tr>\n<tr>\n<td style=\"text-align: center;\">13:00<\/td>\n<td style=\"text-align: center;\">13:30<\/td>\n<\/tr>\n<tr>\n<td style=\"text-align: center;\">14:00<\/td>\n<td style=\"text-align: center;\">14:30<\/td>\n<td style=\"text-align: center;\" rowspan=\"2\">14:50<\/td>\n<td style=\"text-align: center;\" rowspan=\"2\">15:20<\/td>\n<\/tr>\n<tr>\n<td style=\"text-align: center;\">15:10<\/td>\n<td style=\"text-align: center;\">15:35<\/td>\n<\/tr>\n<tr>\n<td style=\"text-align: center;\">16:00<\/td>\n<td style=\"text-align: center;\">16:30<\/td>\n<td style=\"text-align: center;\" rowspan=\"2\">16:30<\/td>\n<td style=\"text-align: center;\" rowspan=\"2\">17:00<\/td>\n<\/tr>\n<tr>\n<td style=\"text-align: center;\">17:20<\/td>\n<td style=\"text-align: center;\">17:45<\/td>\n<\/tr>\n<tr>\n<td style=\"text-align: center;\">18:10<\/td>\n<td style=\"text-align: center;\">18:35<\/td>\n<td style=\"text-align: center;\">18:10<\/td>\n<td style=\"text-align: center;\">18:40<\/td>\n<\/tr>\n<tr>\n<td style=\"text-align: center;\">19:10<\/td>\n<td style=\"text-align: center;\">19:30<\/td>\n<td style=\"text-align: center;\">19:10<\/td>\n<td style=\"text-align: center;\">19:30<\/td>\n<\/tr>\n<tr>\n<td style=\"text-align: center;\">20:00<\/td>\n<td style=\"text-align: center;\">20:30<\/td>\n<td style=\"text-align: center;\">20:00<\/td>\n<td style=\"text-align: center;\">20:50<\/td>\n<\/tr>\n<\/tbody>\n<\/table>\n<p><strong>Traseul T3: Balotesti Scoala Nr.1 &#8211; Dimieni<\/strong><\/p>\n<table border=\"1\">\n<tbody>\n<tr>\n<td style=\"width: 12.5%; text-align: center;\">Nr crt.<\/td>\n<td style=\"width: 36.7307%; text-align: center;\"><strong>Plecari Scoala Nr. 1<\/strong><\/td>\n<td style=\"width: 21.2292%; text-align: center;\"><strong>Plecari Dimieni<\/strong><\/td>\n<\/tr>\n<tr>\n<td style=\"width: 12.5%; text-align: center;\">1<\/td>\n<td style=\"width: 36.7307%; text-align: center;\">5:30<\/td>\n<td style=\"width: 21.2292%; text-align: center;\">6:00<\/td>\n<\/tr>\n<tr>\n<td style=\"width: 12.5%; text-align: center;\">2<\/td>\n<td style=\"width: 36.7307%; text-align: center;\">6:30<\/td>\n<td style=\"width: 21.2292%; text-align: center;\">7:00<\/td>\n<\/tr>\n<tr>\n<td style=\"width: 12.5%; text-align: center;\">3<\/td>\n<td style=\"width: 36.7307%; text-align: center;\">7:30<\/td>\n<td style=\"width: 21.2292%; text-align: center;\">8:00<\/td>\n<\/tr>\n<tr>\n<td style=\"width: 12.5%; text-align: center;\">4<\/td>\n<td style=\"width: 36.7307%; text-align: center;\">8:30<\/td>\n<td style=\"width: 21.2292%; text-align: center;\">9:00<\/td>\n<\/tr>\n<tr>\n<td style=\"width: 12.5%; text-align: center;\">5<\/td>\n<td style=\"width: 36.7307%; text-align: center;\">9:30<\/td>\n<td style=\"width: 21.2292%; text-align: center;\">10:00<\/td>\n<\/tr>\n<tr>\n<td style=\"width: 12.5%; text-align: center;\">6<\/td>\n<td style=\"width: 36.7307%; text-align: center;\">10:30<\/td>\n<td style=\"width: 21.2292%; text-align: center;\">11:30<\/td>\n<\/tr>\n<tr>\n<td style=\"width: 12.5%; text-align: center;\">7<\/td>\n<td style=\"width: 36.7307%; text-align: center;\">12:30<\/td>\n<td style=\"width: 21.2292%; text-align: center;\">13:00<\/td>\n<\/tr>\n<tr>\n<td style=\"width: 12.5%; text-align: center;\">8<\/td>\n<td style=\"width: 36.7307%; text-align: center;\">13:30<\/td>\n<td style=\"width: 21.2292%; text-align: center;\">14:30<\/td>\n<\/tr>\n<tr>\n<td style=\"width: 12.5%; text-align: center;\">9<\/td>\n<td style=\"width: 36.7307%; text-align: center;\">15:00<\/td>\n<td style=\"width: 21.2292%; text-align: center;\">16:30<\/td>\n<\/tr>\n<tr>\n<td style=\"width: 12.5%; text-align: center;\">10<\/td>\n<td style=\"width: 36.7307%; text-align: center;\">17:00<\/td>\n<td style=\"width: 21.2292%; text-align: center;\">18:30<\/td>\n<\/tr>\n<tr>\n<td style=\"width: 12.5%; text-align: center;\">11<\/td>\n<td style=\"width: 36.7307%; text-align: center;\">19:00<\/td>\n<td style=\"width: 21.2292%; text-align: center;\">19:30<\/td>\n<\/tr>\n<tr>\n<td style=\"width: 12.5%; text-align: center;\">12<\/td>\n<td style=\"width: 36.7307%; text-align: center;\">20:00<\/td>\n<td style=\"width: 21.2292%; text-align: center;\">20:30<\/td>\n<\/tr>\n<\/tbody>\n<\/table>\n<p>Transport STB &#8211; <a href=\"http:\/\/primariabalotesti.ro\/wp-content\/uploads\/2019\/08\/STB2.pdf\">program<\/a><br \/>\nCa urmare a suplimentarii cu doua autobuze, incepand cu data de 12.08.2019 programul STB al liniei 459 s-a modificat.<\/p>\n<p>&nbsp;<\/p>\n","protected":false},"excerpt":{"rendered":"<p>Transportul local a fost \u00eenfiin\u021bat \u00een anul 2013 printr-o hot\u0103r\u00e2re a Consiliului Local, Hot\u0103r\u00e2rea nr 33\/25 aprilie 2013, privind aprobarea \u00eenfiin\u021b\u0103rii serviciului subven\u021bionat de transport public local de persoane prin [&hellip;]<\/p>\n","protected":false},"author":1,"featured_media":0,"parent":0,"menu_order":0,"comment_status":"closed","ping_status":"closed","template":"","meta":{"footnotes":""},"class_list":["post-81","page","type-page","status-publish","hentry"],"_links":{"self":[{"href":"https:\/\/primariabalotesti.ro\/index.php\/wp-json\/wp\/v2\/pages\/81"}],"collection":[{"href":"https:\/\/primariabalotesti.ro\/index.php\/wp-json\/wp\/v2\/pages"}],"about":[{"href":"https:\/\/primariabalotesti.ro\/index.php\/wp-json\/wp\/v2\/types\/page"}],"author":[{"embeddable":true,"href":"https:\/\/primariabalotesti.ro\/index.php\/wp-json\/wp\/v2\/users\/1"}],"replies":[{"embeddable":true,"href":"https:\/\/primariabalotesti.ro\/index.php\/wp-json\/wp\/v2\/comments?post=81"}],"version-history":[{"count":11,"href":"https:\/\/primariabalotesti.ro\/index.php\/wp-json\/wp\/v2\/pages\/81\/revisions"}],"predecessor-version":[{"id":1544,"href":"https:\/\/primariabalotesti.ro\/index.php\/wp-json\/wp\/v2\/pages\/81\/revisions\/1544"}],"wp:attachment":[{"href":"https:\/\/primariabalotesti.ro\/index.php\/wp-json\/wp\/v2\/media?parent=81"}],"curies":[{"name":"wp","href":"https:\/\/api.w.org\/{rel}","templated":true}]}}